{"id":974,"date":"2017-12-04T08:16:39","date_gmt":"2017-12-04T08:16:39","guid":{"rendered":"https:\/\/david-assor.fr\/?page_id=974"},"modified":"2018-01-16T09:50:21","modified_gmt":"2018-01-16T08:50:21","slug":"glossaire","status":"publish","type":"page","link":"https:\/\/david-assor.fr\/?page_id=974","title":{"rendered":"Glossaire"},"content":{"rendered":"<h5>DENTISTE CERGY LE HAUT<\/h5>\n<p><strong>Ag\u00e9n\u00e9sie<\/strong> : L\u2019absence d\u2019une ou plusieurs dents peut \u00eatre constat\u00e9e chez l\u2019enfant ou l\u2019adulte.<\/p>\n<p><strong>Ancrage primaire<\/strong> : C&#8217;est le blocage total de l\u2019implant dentaire dans son site. Cet ancrage est indispensable \u00e0 la r\u00e9ussite de l\u2019implant.<\/p>\n<p><strong>Barre de stabilisation<\/strong> : Dite \u00e9galement \u00ab barre d\u2019Ackermann \u00bb. Il s\u2019agit d\u2019une barre viss\u00e9e sur au minimum 2 implants dentaires et dont le but est de permettre la stabilisation d\u2019un appareil amovible complet (dentier) par l\u2019interm\u00e9diaire de crochets ou cavaliers situ\u00e9s sous la proth\u00e8se et qui vont se clipper sur la barre.<\/p>\n<p><strong>Biomat\u00e9riaux<\/strong> : Mat\u00e9riaux synth\u00e9tiques (souvent des Phosphates tricalciques) utilis\u00e9s lors de reconstitutions osseuses.<\/p>\n<p><strong>Boutons de stabilisation<\/strong> : Ils permettent, par la pose d\u2019implants dentaires, la stabilisation d\u2019un appareil amovible complet (dentier) sur le principe d\u2019un bouton pression. La partie m\u00e2le est viss\u00e9e sur un implant et la partie femelle est dissimul\u00e9e sous la proth\u00e8se.<\/p>\n<p><strong>Bridge<\/strong> : Proth\u00e8se dentaire fixe rempla\u00e7ant une ou plusieurs dents absentes en prenant appui sur des piliers qui peuvent \u00eatre soit des dents ou des racines adjacentes saines, soit des implants dentaires.<\/p>\n<p><strong>D\u00e9senfouissemen<\/strong>t : C\u2019est l\u2019acte chirurgical qui permet la mise en charge d\u2019implants enfouis, c\u2019est-\u00e0-dire sa mise en contact avec la cavit\u00e9 buccale. Il consiste \u00e0 retirer la vis de protection de l\u2019implant dentaire et \u00e0 la remplacer par une vis de cicatrisation qui va traverser la gencive.<\/p>\n<p><strong>Faux moignon transviss\u00e9<\/strong> : Moignon artificiel en titane ou en c\u00e9ramique transviss\u00e9 dans le logement interne de l\u2019implant et servant d\u2019\u00e9l\u00e9ment interm\u00e9diaire entre l\u2019implant et la couronne en c\u00e9ramique scell\u00e9e.<\/p>\n<p>Gencive attach\u00e9e : Bandeau de gencive attach\u00e9 \u00e0 l\u2019os qui se trouve juste en dessous des dents et qui sert de rempart contre les infiltrations bact\u00e9riennes et donc prot\u00e8ge du d\u00e9chaussement.<\/p>\n<p>Gencive libre : Gencive non attach\u00e9e \u00e0 l\u2019os qui prolonge la gencive attach\u00e9e jusqu\u2019\u00e0 devenir la face interne des joues et des l\u00e8vres.<\/p>\n<p><strong>Greffe gingivale<\/strong> : Apport de gencive attach\u00e9e sur un site d\u00e9ficient, pr\u00e9lev\u00e9e le plus souvent au niveau du palais.<\/p>\n<p><strong>Greffon osseux<\/strong> : Os provenant de diverses origines et destin\u00e9 \u00e0 \u00eatre plac\u00e9 au niveau d\u2019un site receveur n\u00e9cessitant un apport osseux.<\/p>\n<p><strong>Greffe osseuse<\/strong> autog\u00e8ne ou autogreffe : Greffe osseuse r\u00e9alis\u00e9e \u00e0 l\u2019aide dun greffon osseux prelev\u00e9 chez le patient lui-m\u00eame au niveau d\u2019un site dit \u00ab donneur \u00bb.<\/p>\n<p><strong>Greffe osseuse allogreffe ou homogreffe<\/strong> : Greffe osseuse r\u00e9alis\u00e9e \u00e0 partir d\u2019un greffon provenant d\u2019un donneur appartenant \u00e0 la m\u00eame esp\u00e8ce que le receveur (os obtenu aupr\u00e8s de banques d\u2019os d\u2019origine humaine).<\/p>\n<p><strong>Greffe osseuse x\u00e9nogreffe ou h\u00e9t\u00e9rogreffe<\/strong> : Greffe osseuse r\u00e9alis\u00e9e \u00e0 l\u2019aide d\u2019un greffon provenant d\u2019un donneur appartenant \u00e0 une autre esp\u00e8ce, g\u00e9n\u00e9ralement de l\u2019os d\u2019origine bovine tr\u00e8s fr\u00e9quemment utilis\u00e9.<\/p>\n<p><strong>Guide chirurgical<\/strong> : Il s\u2019agit soit d\u2019un guide radio modifi\u00e9, soit d\u2019un guide r\u00e9alis\u00e9 \u00e0 l\u2019aide d\u2019une assistance informatique (donc plus pr\u00e9cis) pour les cabinets b\u00e9n\u00e9ficiant d\u2019un \u00e9quipement plus sophistiqu\u00e9.<br \/>\nSon but est de guider, dans tous les sens de l\u2019espace, le forage du logement osseux destin\u00e9 \u00e0 recevoir les implants dentaires lors de la s\u00e9ance de pose.<\/p>\n<p><strong>Guide radio<\/strong> : Il est r\u00e9alis\u00e9 en laboratoire par un proth\u00e9siste \u00e0 partir d\u2019une empreinte du secteur \u00e0 implanter et est utilis\u00e9 lors de la prise du scanner. Son but est de permettre, \u00e0 travers des tubes radio-opaques, la visualisation sur les images scanner du volume osseux disponible. Il peut parfois \u00eatre utilis\u00e9 comme guide chirurgical.<\/p>\n<p><strong>Implant dentaire<\/strong> : Racine dentaire artificielle, g\u00e9n\u00e9ralement en titane, qui a pour but de remplacer une racine naturelle perdue.<\/p>\n<p><strong>Implant dentaire enfoui<\/strong> : Implant dentaire enfoui sous la gencive lors de sa pose.<\/p>\n<p><strong>Implant dentaire en un temps<\/strong> : Dit aussi \u00ab non enfoui \u00bb : il s\u2019agit d\u2019un implant dentaire int\u00e9grant directement la partie traversant la gencive (comme ceux \u00e0 bague zircone) et dont la pose s\u2019effectue en un temps op\u00e9ratoire.<\/p>\n<p><strong>Mise en charge<\/strong> : C\u2019est l\u2019\u00e9tape de la mise en fonction de l\u2019implant dentaire qui suit la p\u00e9riode de mise en nourrice.<\/p>\n<p><strong>Mise en nourrice<\/strong> : P\u00e9riode de cicatrisation durant laquelle l\u2019implant dentaire est laiss\u00e9 au repos afin d\u2019obtenir son int\u00e9gration au niveau osseux.<\/p>\n<p><strong>Ost\u00e9o-int\u00e9gration<\/strong> : Il s\u2019agit de l\u2019int\u00e9gration d\u2019un implant dentaire au niveau osseux. On dit qu\u2019un implant a r\u00e9ussi lorsque il est ost\u00e9o-int\u00e9gr\u00e9.<\/p>\n<p><strong>Parodonte<\/strong> : Ensemble des tissus de soutien de la dent \u00e0 savoir l\u2019os, les ligaments et la gencive.<\/p>\n<p><strong>Paro-int\u00e9gration<\/strong> : C\u2019est un concept nouveau par lequel on signifie qu\u2019un implant dentaire a \u00e9t\u00e9 parfaitement int\u00e9gr\u00e9 aussi bien au niveau osseux qu\u2019au niveau gingival lors de la pose en un temps op\u00e9ratoire.<\/p>\n<p><strong>Pi\u00e9zochirugie<\/strong> : Technique chirurgicale utilisant les ultrasons pour la r\u00e9alisation de chirurgies osseuses telles que le pr\u00e9l\u00e8vement de greffons osseux.<\/p>\n<p><strong>Plateau technique<\/strong> : On nomme ainsi l\u2019ensemble des \u00e9l\u00e9ments mis \u00e0 disposition pour une chirurgie de pose d\u2019implants dentaires (locaux, mat\u00e9riel, personnel..), et de mani\u00e8re plus g\u00e9n\u00e9rale pour toute intervention chirurgicale.<\/p>\n<p><strong>PRF<\/strong> : Platelet Rich Fibrin soit en fran\u00e7ais : Fibrine Riche en Plaquettes.<br \/>\nIl s\u2019agit donc d\u2019un concentr\u00e9 plaquettaire riche en facteur de croissance.<br \/>\nPlus simplement, c\u2019est un acc\u00e9l\u00e9rateur de cicatrisation.<br \/>\nIl est recueilli \u00e0 partir de votre sang par centrifugation, apr\u00e8s une simple prise de sang.<\/p>\n<p><strong>ROG<\/strong> : R\u00e9g\u00e9n\u00e9rescence osseuse guid\u00e9e. C\u2019est une technique chirurgicale permettant l\u2019augmentation du volume osseux.<br \/>\nSinus lift : Greffe du sinus maxillaire permettant d\u2019augmenter la hauteur osseuse. Cette intervention s\u2019effectue par voie d\u2019acc\u00e8s lat\u00e9rale.<\/p>\n<p><strong>Vis de cicatrisation<\/strong> : Vis utilis\u00e9e lors de la mise en charge de l\u2019implant dentaire. Elle est viss\u00e9e dans l\u2019implant et traverse la gencive. Il en existe de diff\u00e9rentes hauteurs.<\/p>\n<p><strong>Vis de couverture<\/strong> : C\u2019est la vis qui recouvre un implant dentaire durant la p\u00e9riode de mise en nourrice (p\u00e9riode de cicatrisation).<\/p>\n<p><strong>Zircone<\/strong> : Il s\u2019agit d\u2019une c\u00e9ramique \u00e0 porosit\u00e9 proche de z\u00e9ro et \u00e0 tr\u00e8s faible rugosit\u00e9. Elle est, entre autres, utilis\u00e9e pour la fabrication de la partie de l\u2019implant dentaire qui traverse la gencive lors d\u2019une pose d\u2019implant en un temps op\u00e9ratoire.<\/p>\n","protected":false},"excerpt":{"rendered":"<p>DENTISTE CERGY LE HAUT Ag\u00e9n\u00e9sie : L\u2019absence d\u2019une ou plusieurs dents peut \u00eatre constat\u00e9e chez l\u2019enfant ou l\u2019adulte. Ancrage primaire : C&#8217;est le blocage total de l\u2019implant dentaire dans son site. Cet ancrage est indispensable \u00e0 la r\u00e9ussite de l\u2019implant. Barre de stabilisation : Dite \u00e9galement \u00ab barre d\u2019Ackermann \u00bb. Il s\u2019agit d\u2019une barre viss\u00e9e<\/p>\n","protected":false},"author":1,"featured_media":304,"parent":0,"menu_order":0,"comment_status":"closed","ping_status":"closed","template":"","meta":{"footnotes":""},"class_list":["post-974","page","type-page","status-publish","has-post-thumbnail","hentry"],"yoast_head":"<!-- This site is optimized with the Yoast SEO plugin v27.4 - https:\/\/yoast.com\/product\/yoast-seo-wordpress\/ -->\n<title>Glossaire - Dentiste Cergy Le Haut<\/title>\n<meta name=\"robots\" content=\"index, nofollow, max-snippet:-1, max-image-preview:large, max-video-preview:-1\" \/>\n<link rel=\"canonical\" href=\"https:\/\/david-assor.fr\/?page_id=974\" \/>\n<meta property=\"og:locale\" content=\"fr_FR\" \/>\n<meta property=\"og:type\" content=\"article\" \/>\n<meta property=\"og:title\" content=\"Glossaire - Dentiste Cergy Le Haut\" \/>\n<meta property=\"og:description\" content=\"DENTISTE CERGY LE HAUT Ag\u00e9n\u00e9sie : L\u2019absence d\u2019une ou plusieurs dents peut \u00eatre constat\u00e9e chez l\u2019enfant ou l\u2019adulte. Ancrage primaire : C&#8217;est le blocage total de l\u2019implant dentaire dans son site. Cet ancrage est indispensable \u00e0 la r\u00e9ussite de l\u2019implant. Barre de stabilisation : Dite \u00e9galement \u00ab barre d\u2019Ackermann \u00bb. Il s\u2019agit d\u2019une barre viss\u00e9e\" \/>\n<meta property=\"og:url\" content=\"https:\/\/david-assor.fr\/?page_id=974\" \/>\n<meta property=\"og:site_name\" content=\"Dentiste Cergy Le Haut\" \/>\n<meta property=\"article:modified_time\" content=\"2018-01-16T08:50:21+00:00\" \/>\n<meta property=\"og:image\" content=\"https:\/\/david-assor.fr\/wp-content\/uploads\/2017\/02\/gal_3-1.jpg\" \/>\n\t<meta property=\"og:image:width\" content=\"477\" \/>\n\t<meta property=\"og:image:height\" content=\"320\" \/>\n\t<meta property=\"og:image:type\" content=\"image\/jpeg\" \/>\n<meta name=\"twitter:card\" content=\"summary_large_image\" \/>\n<meta name=\"twitter:label1\" content=\"Dur\u00e9e de lecture estim\u00e9e\" \/>\n\t<meta name=\"twitter:data1\" content=\"5 minutes\" \/>\n<script type=\"application\/ld+json\" class=\"yoast-schema-graph\">{\"@context\":\"https:\\\/\\\/schema.org\",\"@graph\":[{\"@type\":\"WebPage\",\"@id\":\"https:\\\/\\\/david-assor.fr\\\/?page_id=974\",\"url\":\"https:\\\/\\\/david-assor.fr\\\/?page_id=974\",\"name\":\"Glossaire - Dentiste Cergy Le Haut\",\"isPartOf\":{\"@id\":\"https:\\\/\\\/david-assor.fr\\\/#website\"},\"primaryImageOfPage\":{\"@id\":\"https:\\\/\\\/david-assor.fr\\\/?page_id=974#primaryimage\"},\"image\":{\"@id\":\"https:\\\/\\\/david-assor.fr\\\/?page_id=974#primaryimage\"},\"thumbnailUrl\":\"https:\\\/\\\/david-assor.fr\\\/wp-content\\\/uploads\\\/2017\\\/02\\\/gal_3-1.jpg\",\"datePublished\":\"2017-12-04T08:16:39+00:00\",\"dateModified\":\"2018-01-16T08:50:21+00:00\",\"breadcrumb\":{\"@id\":\"https:\\\/\\\/david-assor.fr\\\/?page_id=974#breadcrumb\"},\"inLanguage\":\"fr-FR\",\"potentialAction\":[{\"@type\":\"ReadAction\",\"target\":[\"https:\\\/\\\/david-assor.fr\\\/?page_id=974\"]}]},{\"@type\":\"ImageObject\",\"inLanguage\":\"fr-FR\",\"@id\":\"https:\\\/\\\/david-assor.fr\\\/?page_id=974#primaryimage\",\"url\":\"https:\\\/\\\/david-assor.fr\\\/wp-content\\\/uploads\\\/2017\\\/02\\\/gal_3-1.jpg\",\"contentUrl\":\"https:\\\/\\\/david-assor.fr\\\/wp-content\\\/uploads\\\/2017\\\/02\\\/gal_3-1.jpg\",\"width\":477,\"height\":320},{\"@type\":\"BreadcrumbList\",\"@id\":\"https:\\\/\\\/david-assor.fr\\\/?page_id=974#breadcrumb\",\"itemListElement\":[{\"@type\":\"ListItem\",\"position\":1,\"name\":\"Accueil\",\"item\":\"https:\\\/\\\/david-assor.fr\\\/\"},{\"@type\":\"ListItem\",\"position\":2,\"name\":\"Glossaire\"}]},{\"@type\":\"WebSite\",\"@id\":\"https:\\\/\\\/david-assor.fr\\\/#website\",\"url\":\"https:\\\/\\\/david-assor.fr\\\/\",\"name\":\"Dentiste Cergy Le Haut\",\"description\":\"\",\"publisher\":{\"@id\":\"https:\\\/\\\/david-assor.fr\\\/#organization\"},\"potentialAction\":[{\"@type\":\"SearchAction\",\"target\":{\"@type\":\"EntryPoint\",\"urlTemplate\":\"https:\\\/\\\/david-assor.fr\\\/?s={search_term_string}\"},\"query-input\":{\"@type\":\"PropertyValueSpecification\",\"valueRequired\":true,\"valueName\":\"search_term_string\"}}],\"inLanguage\":\"fr-FR\"},{\"@type\":\"Organization\",\"@id\":\"https:\\\/\\\/david-assor.fr\\\/#organization\",\"name\":\"DENTISTE CERGY LE HAUT\",\"url\":\"https:\\\/\\\/david-assor.fr\\\/\",\"logo\":{\"@type\":\"ImageObject\",\"inLanguage\":\"fr-FR\",\"@id\":\"https:\\\/\\\/david-assor.fr\\\/#\\\/schema\\\/logo\\\/image\\\/\",\"url\":\"https:\\\/\\\/david-assor.fr\\\/wp-content\\\/uploads\\\/2017\\\/02\\\/dentiste-cergy.png\",\"contentUrl\":\"https:\\\/\\\/david-assor.fr\\\/wp-content\\\/uploads\\\/2017\\\/02\\\/dentiste-cergy.png\",\"width\":248,\"height\":98,\"caption\":\"DENTISTE CERGY LE HAUT\"},\"image\":{\"@id\":\"https:\\\/\\\/david-assor.fr\\\/#\\\/schema\\\/logo\\\/image\\\/\"}}]}<\/script>\n<!-- \/ Yoast SEO plugin. -->","yoast_head_json":{"title":"Glossaire - Dentiste Cergy Le Haut","robots":{"index":"index","follow":"nofollow","max-snippet":"max-snippet:-1","max-image-preview":"max-image-preview:large","max-video-preview":"max-video-preview:-1"},"canonical":"https:\/\/david-assor.fr\/?page_id=974","og_locale":"fr_FR","og_type":"article","og_title":"Glossaire - Dentiste Cergy Le Haut","og_description":"DENTISTE CERGY LE HAUT Ag\u00e9n\u00e9sie : L\u2019absence d\u2019une ou plusieurs dents peut \u00eatre constat\u00e9e chez l\u2019enfant ou l\u2019adulte. Ancrage primaire : C&#8217;est le blocage total de l\u2019implant dentaire dans son site. Cet ancrage est indispensable \u00e0 la r\u00e9ussite de l\u2019implant. Barre de stabilisation : Dite \u00e9galement \u00ab barre d\u2019Ackermann \u00bb. Il s\u2019agit d\u2019une barre viss\u00e9e","og_url":"https:\/\/david-assor.fr\/?page_id=974","og_site_name":"Dentiste Cergy Le Haut","article_modified_time":"2018-01-16T08:50:21+00:00","og_image":[{"width":477,"height":320,"url":"https:\/\/david-assor.fr\/wp-content\/uploads\/2017\/02\/gal_3-1.jpg","type":"image\/jpeg"}],"twitter_card":"summary_large_image","twitter_misc":{"Dur\u00e9e de lecture estim\u00e9e":"5 minutes"},"schema":{"@context":"https:\/\/schema.org","@graph":[{"@type":"WebPage","@id":"https:\/\/david-assor.fr\/?page_id=974","url":"https:\/\/david-assor.fr\/?page_id=974","name":"Glossaire - Dentiste Cergy Le Haut","isPartOf":{"@id":"https:\/\/david-assor.fr\/#website"},"primaryImageOfPage":{"@id":"https:\/\/david-assor.fr\/?page_id=974#primaryimage"},"image":{"@id":"https:\/\/david-assor.fr\/?page_id=974#primaryimage"},"thumbnailUrl":"https:\/\/david-assor.fr\/wp-content\/uploads\/2017\/02\/gal_3-1.jpg","datePublished":"2017-12-04T08:16:39+00:00","dateModified":"2018-01-16T08:50:21+00:00","breadcrumb":{"@id":"https:\/\/david-assor.fr\/?page_id=974#breadcrumb"},"inLanguage":"fr-FR","potentialAction":[{"@type":"ReadAction","target":["https:\/\/david-assor.fr\/?page_id=974"]}]},{"@type":"ImageObject","inLanguage":"fr-FR","@id":"https:\/\/david-assor.fr\/?page_id=974#primaryimage","url":"https:\/\/david-assor.fr\/wp-content\/uploads\/2017\/02\/gal_3-1.jpg","contentUrl":"https:\/\/david-assor.fr\/wp-content\/uploads\/2017\/02\/gal_3-1.jpg","width":477,"height":320},{"@type":"BreadcrumbList","@id":"https:\/\/david-assor.fr\/?page_id=974#breadcrumb","itemListElement":[{"@type":"ListItem","position":1,"name":"Accueil","item":"https:\/\/david-assor.fr\/"},{"@type":"ListItem","position":2,"name":"Glossaire"}]},{"@type":"WebSite","@id":"https:\/\/david-assor.fr\/#website","url":"https:\/\/david-assor.fr\/","name":"Dentiste Cergy Le Haut","description":"","publisher":{"@id":"https:\/\/david-assor.fr\/#organization"},"potentialAction":[{"@type":"SearchAction","target":{"@type":"EntryPoint","urlTemplate":"https:\/\/david-assor.fr\/?s={search_term_string}"},"query-input":{"@type":"PropertyValueSpecification","valueRequired":true,"valueName":"search_term_string"}}],"inLanguage":"fr-FR"},{"@type":"Organization","@id":"https:\/\/david-assor.fr\/#organization","name":"DENTISTE CERGY LE HAUT","url":"https:\/\/david-assor.fr\/","logo":{"@type":"ImageObject","inLanguage":"fr-FR","@id":"https:\/\/david-assor.fr\/#\/schema\/logo\/image\/","url":"https:\/\/david-assor.fr\/wp-content\/uploads\/2017\/02\/dentiste-cergy.png","contentUrl":"https:\/\/david-assor.fr\/wp-content\/uploads\/2017\/02\/dentiste-cergy.png","width":248,"height":98,"caption":"DENTISTE CERGY LE HAUT"},"image":{"@id":"https:\/\/david-assor.fr\/#\/schema\/logo\/image\/"}}]}},"_links":{"self":[{"href":"https:\/\/david-assor.fr\/index.php?rest_route=\/wp\/v2\/pages\/974","targetHints":{"allow":["GET"]}}],"collection":[{"href":"https:\/\/david-assor.fr\/index.php?rest_route=\/wp\/v2\/pages"}],"about":[{"href":"https:\/\/david-assor.fr\/index.php?rest_route=\/wp\/v2\/types\/page"}],"author":[{"embeddable":true,"href":"https:\/\/david-assor.fr\/index.php?rest_route=\/wp\/v2\/users\/1"}],"replies":[{"embeddable":true,"href":"https:\/\/david-assor.fr\/index.php?rest_route=%2Fwp%2Fv2%2Fcomments&post=974"}],"version-history":[{"count":7,"href":"https:\/\/david-assor.fr\/index.php?rest_route=\/wp\/v2\/pages\/974\/revisions"}],"predecessor-version":[{"id":1600,"href":"https:\/\/david-assor.fr\/index.php?rest_route=\/wp\/v2\/pages\/974\/revisions\/1600"}],"wp:featuredmedia":[{"embeddable":true,"href":"https:\/\/david-assor.fr\/index.php?rest_route=\/wp\/v2\/media\/304"}],"wp:attachment":[{"href":"https:\/\/david-assor.fr\/index.php?rest_route=%2Fwp%2Fv2%2Fmedia&parent=974"}],"curies":[{"name":"wp","href":"https:\/\/api.w.org\/{rel}","templated":true}]}}