{"id":946,"date":"2017-12-03T22:49:00","date_gmt":"2017-12-03T22:49:00","guid":{"rendered":"https:\/\/david-assor.fr\/?page_id=946"},"modified":"2017-12-04T06:12:33","modified_gmt":"2017-12-04T06:12:33","slug":"mention-legales","status":"publish","type":"page","link":"https:\/\/david-assor.fr\/?page_id=946","title":{"rendered":"Mention L\u00e9gales"},"content":{"rendered":"<h4><strong>Dr\u00a0ASSOR\u00a0DAVID<\/strong><\/h4>\n<p>N\u00b0 RPPS : 10000387075<br \/>\nD\u00e9partement d&#8217;inscription : Val-d&#8217;Oise (95)<br \/>\n30 BOULEVARD DE L EVASION 95800 CERGY<\/p>\n<p>Photo : L\u2019ensemble de ce site rel\u00e8ve de la l\u00e9gislation fran\u00e7aise et internationale sur le droit d\u2019auteur et la propri\u00e9t\u00e9 intellectuelle.<br \/>\nTous les droits de reproduction sont r\u00e9serv\u00e9s, y compris \u00e0 l\u2019\u00e9gard des documents t\u00e9l\u00e9chargeables et des repr\u00e9sentations iconographiques et photographiques.<\/p>\n<p>Cr\u00e9dit Photo: Fotolia<br \/>\nCr\u00e9dit Photo montage: Bruno Uzan<br \/>\nCr\u00e9dit th\u00e8me: themeforest.net\/licenses<br \/>\nCMS: WordPress Open source<\/p>\n<p>Hebergement: OVH<br \/>\nSAS au capital de 10 069 020 \u20ac<br \/>\nRCS Lille M\u00e9tropole 424 761 419 00045<br \/>\nCode APE 2620Z<br \/>\nN\u00b0 TVA : FR 22 424 761 419<br \/>\nSi\u00e8ge social : 2 rue Kellermann &#8211; 59100 Roubaix &#8211; France<\/p>\n<h3>R\u00e9colte et traitement de donn\u00e9es personnelles :<\/h3>\n<p>Le responsable du traitement des donn\u00e9es personnelles est David ASSOR dont les coordonn\u00e9es suivent :<br \/>\n30 BOULEVARD DE L EVASION 95800 CERGY<\/p>\n<p>Nous nous engageons \u00e0 ne pas utiliser vos donn\u00e9es \u00e0 des fins commerciales ni \u00e0 les communiquer \u00e0 quel organisme que ce soit. Conform\u00e9ment \u00e0 la loi du 6 janvier 1978 dite &#8220;Informatique et Libert\u00e9s&#8221;, l&#8217;utilisateur peut, \u00e0 tout moment, modifier ou supprimer les donn\u00e9es le concernant depuis l&#8217;interface pr\u00e9vue \u00e0 cet effet dans son compte.<\/p>\n<p>Conception et r\u00e9alisation du site: Agence web LYHA COM Sarcelles<\/p>\n<p>Contrefa\u00e7on<br \/>\nToute reproduction ou repr\u00e9sentation, en tout ou partie, \u00e0 d&#8217;autres fins sur un quelconque support est interdite. Le non-respect de cette interdiction constitue une contrefa\u00e7on pouvant engager la responsabilit\u00e9 civile et p\u00e9nale du contrefacteur. Les informations contenues dans ce service sont non contractuelles et sujettes \u00e0 modification sans pr\u00e9avis.<\/p>\n","protected":false},"excerpt":{"rendered":"<p>Dr\u00a0ASSOR\u00a0DAVID N\u00b0 RPPS : 10000387075 D\u00e9partement d&#8217;inscription : Val-d&#8217;Oise (95) 30 BOULEVARD DE L EVASION 95800 CERGY Photo : L\u2019ensemble de ce site rel\u00e8ve de la l\u00e9gislation fran\u00e7aise et internationale sur le droit d\u2019auteur et la propri\u00e9t\u00e9 intellectuelle. Tous les droits de reproduction sont r\u00e9serv\u00e9s, y compris \u00e0 l\u2019\u00e9gard des documents t\u00e9l\u00e9chargeables et des repr\u00e9sentations<\/p>\n","protected":false},"author":1,"featured_media":0,"parent":0,"menu_order":0,"comment_status":"closed","ping_status":"closed","template":"","meta":{"footnotes":""},"class_list":["post-946","page","type-page","status-publish","hentry"],"yoast_head":"<!-- This site is optimized with the Yoast SEO plugin v27.5 - https:\/\/yoast.com\/product\/yoast-seo-wordpress\/ -->\n<title>Mention L\u00e9gales - Dentiste Cergy Le Haut<\/title>\n<meta name=\"robots\" content=\"index, follow, max-snippet:-1, max-image-preview:large, max-video-preview:-1\" \/>\n<link rel=\"canonical\" href=\"https:\/\/david-assor.fr\/?page_id=946\" \/>\n<meta property=\"og:locale\" content=\"fr_FR\" \/>\n<meta property=\"og:type\" content=\"article\" \/>\n<meta property=\"og:title\" content=\"Mention L\u00e9gales - Dentiste Cergy Le Haut\" \/>\n<meta property=\"og:description\" content=\"Dr\u00a0ASSOR\u00a0DAVID N\u00b0 RPPS : 10000387075 D\u00e9partement d&#8217;inscription : Val-d&#8217;Oise (95) 30 BOULEVARD DE L EVASION 95800 CERGY Photo : L\u2019ensemble de ce site rel\u00e8ve de la l\u00e9gislation fran\u00e7aise et internationale sur le droit d\u2019auteur et la propri\u00e9t\u00e9 intellectuelle. Tous les droits de reproduction sont r\u00e9serv\u00e9s, y compris \u00e0 l\u2019\u00e9gard des documents t\u00e9l\u00e9chargeables et des repr\u00e9sentations\" \/>\n<meta property=\"og:url\" content=\"https:\/\/david-assor.fr\/?page_id=946\" \/>\n<meta property=\"og:site_name\" content=\"Dentiste Cergy Le Haut\" \/>\n<meta property=\"article:modified_time\" content=\"2017-12-04T06:12:33+00:00\" \/>\n<meta name=\"twitter:card\" content=\"summary_large_image\" \/>\n<meta name=\"twitter:label1\" content=\"Dur\u00e9e de lecture estim\u00e9e\" \/>\n\t<meta name=\"twitter:data1\" content=\"1 minute\" \/>\n<script type=\"application\/ld+json\" class=\"yoast-schema-graph\">{\"@context\":\"https:\\\/\\\/schema.org\",\"@graph\":[{\"@type\":\"WebPage\",\"@id\":\"https:\\\/\\\/david-assor.fr\\\/?page_id=946\",\"url\":\"https:\\\/\\\/david-assor.fr\\\/?page_id=946\",\"name\":\"Mention L\u00e9gales - Dentiste Cergy Le Haut\",\"isPartOf\":{\"@id\":\"https:\\\/\\\/david-assor.fr\\\/#website\"},\"datePublished\":\"2017-12-03T22:49:00+00:00\",\"dateModified\":\"2017-12-04T06:12:33+00:00\",\"breadcrumb\":{\"@id\":\"https:\\\/\\\/david-assor.fr\\\/?page_id=946#breadcrumb\"},\"inLanguage\":\"fr-FR\",\"potentialAction\":[{\"@type\":\"ReadAction\",\"target\":[\"https:\\\/\\\/david-assor.fr\\\/?page_id=946\"]}]},{\"@type\":\"BreadcrumbList\",\"@id\":\"https:\\\/\\\/david-assor.fr\\\/?page_id=946#breadcrumb\",\"itemListElement\":[{\"@type\":\"ListItem\",\"position\":1,\"name\":\"Accueil\",\"item\":\"https:\\\/\\\/david-assor.fr\\\/\"},{\"@type\":\"ListItem\",\"position\":2,\"name\":\"Mention L\u00e9gales\"}]},{\"@type\":\"WebSite\",\"@id\":\"https:\\\/\\\/david-assor.fr\\\/#website\",\"url\":\"https:\\\/\\\/david-assor.fr\\\/\",\"name\":\"Dentiste Cergy Le Haut\",\"description\":\"\",\"publisher\":{\"@id\":\"https:\\\/\\\/david-assor.fr\\\/#organization\"},\"potentialAction\":[{\"@type\":\"SearchAction\",\"target\":{\"@type\":\"EntryPoint\",\"urlTemplate\":\"https:\\\/\\\/david-assor.fr\\\/?s={search_term_string}\"},\"query-input\":{\"@type\":\"PropertyValueSpecification\",\"valueRequired\":true,\"valueName\":\"search_term_string\"}}],\"inLanguage\":\"fr-FR\"},{\"@type\":\"Organization\",\"@id\":\"https:\\\/\\\/david-assor.fr\\\/#organization\",\"name\":\"DENTISTE CERGY LE HAUT\",\"url\":\"https:\\\/\\\/david-assor.fr\\\/\",\"logo\":{\"@type\":\"ImageObject\",\"inLanguage\":\"fr-FR\",\"@id\":\"https:\\\/\\\/david-assor.fr\\\/#\\\/schema\\\/logo\\\/image\\\/\",\"url\":\"https:\\\/\\\/david-assor.fr\\\/wp-content\\\/uploads\\\/2017\\\/02\\\/dentiste-cergy.png\",\"contentUrl\":\"https:\\\/\\\/david-assor.fr\\\/wp-content\\\/uploads\\\/2017\\\/02\\\/dentiste-cergy.png\",\"width\":248,\"height\":98,\"caption\":\"DENTISTE CERGY LE HAUT\"},\"image\":{\"@id\":\"https:\\\/\\\/david-assor.fr\\\/#\\\/schema\\\/logo\\\/image\\\/\"}}]}<\/script>\n<!-- \/ Yoast SEO plugin. -->","yoast_head_json":{"title":"Mention L\u00e9gales - Dentiste Cergy Le Haut","robots":{"index":"index","follow":"follow","max-snippet":"max-snippet:-1","max-image-preview":"max-image-preview:large","max-video-preview":"max-video-preview:-1"},"canonical":"https:\/\/david-assor.fr\/?page_id=946","og_locale":"fr_FR","og_type":"article","og_title":"Mention L\u00e9gales - Dentiste Cergy Le Haut","og_description":"Dr\u00a0ASSOR\u00a0DAVID N\u00b0 RPPS : 10000387075 D\u00e9partement d&#8217;inscription : Val-d&#8217;Oise (95) 30 BOULEVARD DE L EVASION 95800 CERGY Photo : L\u2019ensemble de ce site rel\u00e8ve de la l\u00e9gislation fran\u00e7aise et internationale sur le droit d\u2019auteur et la propri\u00e9t\u00e9 intellectuelle. Tous les droits de reproduction sont r\u00e9serv\u00e9s, y compris \u00e0 l\u2019\u00e9gard des documents t\u00e9l\u00e9chargeables et des repr\u00e9sentations","og_url":"https:\/\/david-assor.fr\/?page_id=946","og_site_name":"Dentiste Cergy Le Haut","article_modified_time":"2017-12-04T06:12:33+00:00","twitter_card":"summary_large_image","twitter_misc":{"Dur\u00e9e de lecture estim\u00e9e":"1 minute"},"schema":{"@context":"https:\/\/schema.org","@graph":[{"@type":"WebPage","@id":"https:\/\/david-assor.fr\/?page_id=946","url":"https:\/\/david-assor.fr\/?page_id=946","name":"Mention L\u00e9gales - Dentiste Cergy Le Haut","isPartOf":{"@id":"https:\/\/david-assor.fr\/#website"},"datePublished":"2017-12-03T22:49:00+00:00","dateModified":"2017-12-04T06:12:33+00:00","breadcrumb":{"@id":"https:\/\/david-assor.fr\/?page_id=946#breadcrumb"},"inLanguage":"fr-FR","potentialAction":[{"@type":"ReadAction","target":["https:\/\/david-assor.fr\/?page_id=946"]}]},{"@type":"BreadcrumbList","@id":"https:\/\/david-assor.fr\/?page_id=946#breadcrumb","itemListElement":[{"@type":"ListItem","position":1,"name":"Accueil","item":"https:\/\/david-assor.fr\/"},{"@type":"ListItem","position":2,"name":"Mention L\u00e9gales"}]},{"@type":"WebSite","@id":"https:\/\/david-assor.fr\/#website","url":"https:\/\/david-assor.fr\/","name":"Dentiste Cergy Le Haut","description":"","publisher":{"@id":"https:\/\/david-assor.fr\/#organization"},"potentialAction":[{"@type":"SearchAction","target":{"@type":"EntryPoint","urlTemplate":"https:\/\/david-assor.fr\/?s={search_term_string}"},"query-input":{"@type":"PropertyValueSpecification","valueRequired":true,"valueName":"search_term_string"}}],"inLanguage":"fr-FR"},{"@type":"Organization","@id":"https:\/\/david-assor.fr\/#organization","name":"DENTISTE CERGY LE HAUT","url":"https:\/\/david-assor.fr\/","logo":{"@type":"ImageObject","inLanguage":"fr-FR","@id":"https:\/\/david-assor.fr\/#\/schema\/logo\/image\/","url":"https:\/\/david-assor.fr\/wp-content\/uploads\/2017\/02\/dentiste-cergy.png","contentUrl":"https:\/\/david-assor.fr\/wp-content\/uploads\/2017\/02\/dentiste-cergy.png","width":248,"height":98,"caption":"DENTISTE CERGY LE HAUT"},"image":{"@id":"https:\/\/david-assor.fr\/#\/schema\/logo\/image\/"}}]}},"_links":{"self":[{"href":"https:\/\/david-assor.fr\/index.php?rest_route=\/wp\/v2\/pages\/946","targetHints":{"allow":["GET"]}}],"collection":[{"href":"https:\/\/david-assor.fr\/index.php?rest_route=\/wp\/v2\/pages"}],"about":[{"href":"https:\/\/david-assor.fr\/index.php?rest_route=\/wp\/v2\/types\/page"}],"author":[{"embeddable":true,"href":"https:\/\/david-assor.fr\/index.php?rest_route=\/wp\/v2\/users\/1"}],"replies":[{"embeddable":true,"href":"https:\/\/david-assor.fr\/index.php?rest_route=%2Fwp%2Fv2%2Fcomments&post=946"}],"version-history":[{"count":13,"href":"https:\/\/david-assor.fr\/index.php?rest_route=\/wp\/v2\/pages\/946\/revisions"}],"predecessor-version":[{"id":970,"href":"https:\/\/david-assor.fr\/index.php?rest_route=\/wp\/v2\/pages\/946\/revisions\/970"}],"wp:attachment":[{"href":"https:\/\/david-assor.fr\/index.php?rest_route=%2Fwp%2Fv2%2Fmedia&parent=946"}],"curies":[{"name":"wp","href":"https:\/\/api.w.org\/{rel}","templated":true}]}}