{"id":936,"date":"2017-12-13T16:41:48","date_gmt":"2017-12-13T16:41:48","guid":{"rendered":"https:\/\/david-assor.fr\/?page_id=936"},"modified":"2021-05-21T15:36:15","modified_gmt":"2021-05-21T13:36:15","slug":"rendez-vous-dentiste-cergy","status":"publish","type":"page","link":"https:\/\/david-assor.fr\/?page_id=936","title":{"rendered":"Rendez-vous"},"content":{"rendered":"<div class=\"wpb-content-wrapper\"><p>[vc_row][vc_column][vc_column_text]<\/p>\n<h1 style=\"text-align: center;\"><a href=\"tel: 01 34 46 06 07\">\u00a0 DENTISTE <strong><span style=\"color: #333399;\">CERGY<\/span><\/strong><\/a><\/h1>\n<p>[\/vc_column_text][vc_column_text]<\/p>\n<h3>Prendre rendez-vous au Cabinet Du Docteur Assor\u00a0<a href=\"tel: 01 34 46 71 82\">\u00a0 DENTISTE CERGY<\/a><\/h3>\n<p>Contactez-nous pour prendre rendez-vous en t\u00e9l\u00e9phonant au\u00a0<a href=\"tel: 01 34 46 71 82\">01 34 46 71 82 <\/a>\u00a0\u00a0ou en remplissant le formulaire ci-dessous nous vous rappellerons pour confirmer le\u00a0rendez-vous.[\/vc_column_text]\n<div class=\"wpcf7 no-js\" id=\"wpcf7-f371-o1\" lang=\"en-US\" dir=\"ltr\" data-wpcf7-id=\"371\">\n<div class=\"screen-reader-response\"><p role=\"status\" aria-live=\"polite\" aria-atomic=\"true\"><\/p> <ul><\/ul><\/div>\n<form action=\"\/index.php?rest_route=%2Fwp%2Fv2%2Fpages%2F936#wpcf7-f371-o1\" method=\"post\" class=\"wpcf7-form init\" aria-label=\"Contact form\" novalidate=\"novalidate\" data-status=\"init\">\n<fieldset class=\"hidden-fields-container\"><input type=\"hidden\" name=\"_wpcf7\" value=\"371\" \/><input type=\"hidden\" name=\"_wpcf7_version\" value=\"6.1.5\" \/><input type=\"hidden\" name=\"_wpcf7_locale\" value=\"en_US\" \/><input type=\"hidden\" name=\"_wpcf7_unit_tag\" value=\"wpcf7-f371-o1\" \/><input type=\"hidden\" name=\"_wpcf7_container_post\" value=\"0\" \/><input type=\"hidden\" name=\"_wpcf7_posted_data_hash\" value=\"\" \/><input type=\"hidden\" name=\"_wpcf7_recaptcha_response\" value=\"\" \/>\n<\/fieldset>\n<div class=\"tt-reply wth-label\">\n\t<div class=\"row\">\n\t\t<div class=\"col-sm-6\">\n\t\t\t<p><label class=\"c-label\"> Votre Nom <\/label><span class=\"wpcf7-form-control-wrap\" data-name=\"your-name\"><input size=\"40\" maxlength=\"400\" class=\"wpcf7-form-control wpcf7-text wpcf7-validates-as-required c-input\" aria-required=\"true\" aria-invalid=\"false\" value=\"\" type=\"text\" name=\"your-name\" \/><\/span>\n\t\t\t<\/p>\n\t\t<\/div>\n\t\t<div class=\"col-sm-6\">\n\t\t\t<p><label class=\"c-label\"> Votre T\u00e9l\u00e9phone <\/label><span class=\"wpcf7-form-control-wrap\" data-name=\"your-tel\"><input size=\"40\" maxlength=\"15\" class=\"wpcf7-form-control wpcf7-tel wpcf7-validates-as-required wpcf7-text wpcf7-validates-as-tel c-input\" aria-required=\"true\" aria-invalid=\"false\" value=\"\" type=\"tel\" name=\"your-tel\" \/><\/span>\n\t\t\t<\/p>\n\t\t<\/div>\n\t<\/div>\n\t<div class=\"row\">\n\t\t<div class=\"col-sm-6\">\n\t\t\t<p><label class=\"c-label\"> Quand pouvons nous vous rappeler? <\/label><span class=\"wpcf7-form-control-wrap\" data-name=\"rappeler\"><input size=\"40\" maxlength=\"400\" class=\"wpcf7-form-control wpcf7-text c-input\" aria-invalid=\"false\" value=\"\" type=\"text\" name=\"rappeler\" \/><\/span>\n\t\t\t<\/p>\n\t\t<\/div>\n\t\t<div class=\"col-sm-6\">\n\t\t\t<p><label class=\"c-label\"> Votre Email<\/label><span class=\"wpcf7-form-control-wrap\" data-name=\"votre-email\"><input size=\"40\" maxlength=\"400\" class=\"wpcf7-form-control wpcf7-email wpcf7-validates-as-required wpcf7-text wpcf7-validates-as-email c-input\" aria-required=\"true\" aria-invalid=\"false\" value=\"\" type=\"email\" name=\"votre-email\" \/><\/span>\n\t\t\t<\/p>\n\t\t<\/div>\n\t\t<div class=\"form-group col-md-12\">\n\t\t\t<p><label class=\"c-label\">Nous laisser un message<\/label><span class=\"wpcf7-form-control-wrap\" data-name=\"textarea-171\"><textarea cols=\"40\" rows=\"10\" maxlength=\"2000\" class=\"wpcf7-form-control wpcf7-textarea c-input\" aria-invalid=\"false\" name=\"textarea-171\"><\/textarea><\/span>\n\t\t\t<\/p>\n\t\t<\/div>\n\t\t<div class=\"form-group col-md-12\">\n\t\t\n\t\t<\/div>\n\t\t<div class=\"c-btn input\">\n\t\t\t<p><input class=\"wpcf7-form-control wpcf7-submit has-spinner\" type=\"submit\" value=\"Envoyer\" \/>\n\t\t\t<\/p>\n\t\t<\/div>\n\t<\/div>\n<\/div><p style=\"display: none !important;\" class=\"akismet-fields-container\" data-prefix=\"_wpcf7_ak_\"><label>&#916;<textarea name=\"_wpcf7_ak_hp_textarea\" cols=\"45\" rows=\"8\" maxlength=\"100\"><\/textarea><\/label><input type=\"hidden\" id=\"ak_js_1\" name=\"_wpcf7_ak_js\" value=\"204\"\/><script type=\"text\/javascript\">\n\/* <![CDATA[ *\/\ndocument.getElementById( \"ak_js_1\" ).setAttribute( \"value\", ( new Date() ).getTime() );\n\/* ]]> *\/\n<\/script>\n<\/p><div class=\"wpcf7-response-output\" aria-hidden=\"true\"><\/div>\n<\/form>\n<\/div>\n[\/vc_column][\/vc_row][vc_row css=&#8221;.vc_custom_1535800221938{margin-top: 120px !important;}&#8221;][vc_column][vc_empty_space height=&#8221;50px&#8221;][vc_column_text]<\/p>\n<p class=\"TexteArticle\"><strong><em>Avant le premier rendez-vous, le patient doit se munir des documents et informations permettant d&#8217;appr\u00e9cier ses ant\u00e9c\u00e9dents personnels et sa situation vis \u00e0 vis de sa couverture :<\/em><\/strong><\/p>\n<ul>\n<li class=\"TexteArticle\">les ordonnances, les noms des m\u00e9dicaments pris actuellement<\/li>\n<li class=\"TexteArticle\">les coordonn\u00e9es des diff\u00e9rents professionnels de sant\u00e9 en charge de sa sant\u00e9<\/li>\n<li class=\"TexteArticle\">les radiographies dentaires r\u00e9centes qu&#8217;il poss\u00e8de.<\/li>\n<li class=\"TexteArticle\">la carte vitale et d&#8217;assurance compl\u00e9mentaire<\/li>\n<li>la carte mutuelle.<\/li>\n<\/ul>\n<p>[\/vc_column_text][vc_empty_space height=&#8221;50px&#8221;][\/vc_column][\/vc_row][vc_row][vc_column][vc_column_text]<a style=\"display: block; text-align: center; background-color: #0596de; color: #ffffff; font-size: 14px; overflow: hidden; width: 257px; height: 40px; border-bottom-right-radius: none; border-bottom-left-radius: none; position: fixed; bottom: 0; right: 5px; z-index: 1000; border-top-left-radius: 4px; border-top-right-radius: 4px; line-height: 40px;\" href=\"https:\/\/www.doctolib.fr\/dentiste\/cergy\/david-assor-cergy?utm_campaign=website-button&amp;utm_source=david-assor-cergy-website-button&amp;utm_medium=referral&amp;utm_content=option-5&amp;utm_term=david-assor-cergy\" target=\"_blank\" rel=\"noopener\"><span style=\"font-size: 13px;\">Prendre rendez-vous en ligne<\/span><img decoding=\"async\" style=\"height: 15px; margin-bottom: 3px; vertical-align: middle; width: auto;\" src=\"https:\/\/pro.doctolib.fr\/external_button\/doctolib-white-transparent.png\" alt=\"Doctolib\" \/><\/a>[\/vc_column_text][\/vc_column][\/vc_row]<\/p>\n<\/div>","protected":false},"excerpt":{"rendered":"<p>[vc_row][vc_column][vc_column_text] \u00a0 DENTISTE CERGY [\/vc_column_text][vc_column_text] Prendre rendez-vous au Cabinet Du Docteur Assor\u00a0\u00a0 DENTISTE CERGY Contactez-nous pour prendre rendez-vous en t\u00e9l\u00e9phonant au\u00a001 34 46 71 82 \u00a0\u00a0ou en remplissant le formulaire ci-dessous nous vous rappellerons pour confirmer le\u00a0rendez-vous.[\/vc_column_text][\/vc_column][\/vc_row][vc_row css=&#8221;.vc_custom_1535800221938{margin-top: 120px !important;}&#8221;][vc_column][vc_empty_space height=&#8221;50px&#8221;][vc_column_text] Avant le premier rendez-vous, le patient doit se munir des documents et informations permettant<\/p>\n","protected":false},"author":1,"featured_media":0,"parent":0,"menu_order":0,"comment_status":"closed","ping_status":"closed","template":"","meta":{"footnotes":""},"class_list":["post-936","page","type-page","status-publish","hentry"],"yoast_head":"<!-- This site is optimized with the Yoast SEO plugin v27.4 - https:\/\/yoast.com\/product\/yoast-seo-wordpress\/ -->\n<title>Rendez-vous chirurgien dentiste Cergy T\u00e9l 01 34 46 71 82<\/title>\n<meta name=\"description\" content=\"Contactez le cabinet du docteur Assor \u00e0 Cergy pour prendre rendez-vous en t\u00e9l\u00e9phonant au 01 34 46 06 07\" \/>\n<meta name=\"robots\" content=\"index, follow, max-snippet:-1, max-image-preview:large, max-video-preview:-1\" \/>\n<link rel=\"canonical\" href=\"https:\/\/david-assor.fr\/?page_id=936\" \/>\n<meta property=\"og:locale\" content=\"fr_FR\" \/>\n<meta property=\"og:type\" content=\"article\" \/>\n<meta property=\"og:title\" content=\"Rendez-vous chirurgien dentiste Cergy T\u00e9l 01 34 46 71 82\" \/>\n<meta property=\"og:description\" content=\"Contactez le cabinet du docteur Assor \u00e0 Cergy pour prendre rendez-vous en t\u00e9l\u00e9phonant au 01 34 46 06 07\" \/>\n<meta property=\"og:url\" content=\"https:\/\/david-assor.fr\/?page_id=936\" \/>\n<meta property=\"og:site_name\" content=\"Dentiste Cergy Le Haut\" \/>\n<meta property=\"article:modified_time\" content=\"2021-05-21T13:36:15+00:00\" \/>\n<meta property=\"og:image\" content=\"https:\/\/pro.doctolib.fr\/external_button\/doctolib-white-transparent.png\" \/>\n<meta name=\"twitter:card\" content=\"summary_large_image\" \/>\n<meta name=\"twitter:label1\" content=\"Dur\u00e9e de lecture estim\u00e9e\" \/>\n\t<meta name=\"twitter:data1\" content=\"1 minute\" \/>\n<script type=\"application\/ld+json\" class=\"yoast-schema-graph\">{\"@context\":\"https:\\\/\\\/schema.org\",\"@graph\":[{\"@type\":\"WebPage\",\"@id\":\"https:\\\/\\\/david-assor.fr\\\/?page_id=936\",\"url\":\"https:\\\/\\\/david-assor.fr\\\/?page_id=936\",\"name\":\"Rendez-vous chirurgien dentiste Cergy T\u00e9l 01 34 46 71 82\",\"isPartOf\":{\"@id\":\"https:\\\/\\\/david-assor.fr\\\/#website\"},\"primaryImageOfPage\":{\"@id\":\"https:\\\/\\\/david-assor.fr\\\/?page_id=936#primaryimage\"},\"image\":{\"@id\":\"https:\\\/\\\/david-assor.fr\\\/?page_id=936#primaryimage\"},\"thumbnailUrl\":\"https:\\\/\\\/pro.doctolib.fr\\\/external_button\\\/doctolib-white-transparent.png\",\"datePublished\":\"2017-12-13T16:41:48+00:00\",\"dateModified\":\"2021-05-21T13:36:15+00:00\",\"description\":\"Contactez le cabinet du docteur Assor \u00e0 Cergy pour prendre rendez-vous en t\u00e9l\u00e9phonant au 01 34 46 06 07\",\"breadcrumb\":{\"@id\":\"https:\\\/\\\/david-assor.fr\\\/?page_id=936#breadcrumb\"},\"inLanguage\":\"fr-FR\",\"potentialAction\":[{\"@type\":\"ReadAction\",\"target\":[\"https:\\\/\\\/david-assor.fr\\\/?page_id=936\"]}]},{\"@type\":\"ImageObject\",\"inLanguage\":\"fr-FR\",\"@id\":\"https:\\\/\\\/david-assor.fr\\\/?page_id=936#primaryimage\",\"url\":\"https:\\\/\\\/pro.doctolib.fr\\\/external_button\\\/doctolib-white-transparent.png\",\"contentUrl\":\"https:\\\/\\\/pro.doctolib.fr\\\/external_button\\\/doctolib-white-transparent.png\"},{\"@type\":\"BreadcrumbList\",\"@id\":\"https:\\\/\\\/david-assor.fr\\\/?page_id=936#breadcrumb\",\"itemListElement\":[{\"@type\":\"ListItem\",\"position\":1,\"name\":\"Accueil\",\"item\":\"https:\\\/\\\/david-assor.fr\\\/\"},{\"@type\":\"ListItem\",\"position\":2,\"name\":\"Rendez-vous\"}]},{\"@type\":\"WebSite\",\"@id\":\"https:\\\/\\\/david-assor.fr\\\/#website\",\"url\":\"https:\\\/\\\/david-assor.fr\\\/\",\"name\":\"Dentiste Cergy Le Haut\",\"description\":\"\",\"publisher\":{\"@id\":\"https:\\\/\\\/david-assor.fr\\\/#organization\"},\"potentialAction\":[{\"@type\":\"SearchAction\",\"target\":{\"@type\":\"EntryPoint\",\"urlTemplate\":\"https:\\\/\\\/david-assor.fr\\\/?s={search_term_string}\"},\"query-input\":{\"@type\":\"PropertyValueSpecification\",\"valueRequired\":true,\"valueName\":\"search_term_string\"}}],\"inLanguage\":\"fr-FR\"},{\"@type\":\"Organization\",\"@id\":\"https:\\\/\\\/david-assor.fr\\\/#organization\",\"name\":\"DENTISTE CERGY LE HAUT\",\"url\":\"https:\\\/\\\/david-assor.fr\\\/\",\"logo\":{\"@type\":\"ImageObject\",\"inLanguage\":\"fr-FR\",\"@id\":\"https:\\\/\\\/david-assor.fr\\\/#\\\/schema\\\/logo\\\/image\\\/\",\"url\":\"https:\\\/\\\/david-assor.fr\\\/wp-content\\\/uploads\\\/2017\\\/02\\\/dentiste-cergy.png\",\"contentUrl\":\"https:\\\/\\\/david-assor.fr\\\/wp-content\\\/uploads\\\/2017\\\/02\\\/dentiste-cergy.png\",\"width\":248,\"height\":98,\"caption\":\"DENTISTE CERGY LE HAUT\"},\"image\":{\"@id\":\"https:\\\/\\\/david-assor.fr\\\/#\\\/schema\\\/logo\\\/image\\\/\"}}]}<\/script>\n<!-- \/ Yoast SEO plugin. -->","yoast_head_json":{"title":"Rendez-vous chirurgien dentiste Cergy T\u00e9l 01 34 46 71 82","description":"Contactez le cabinet du docteur Assor \u00e0 Cergy pour prendre rendez-vous en t\u00e9l\u00e9phonant au 01 34 46 06 07","robots":{"index":"index","follow":"follow","max-snippet":"max-snippet:-1","max-image-preview":"max-image-preview:large","max-video-preview":"max-video-preview:-1"},"canonical":"https:\/\/david-assor.fr\/?page_id=936","og_locale":"fr_FR","og_type":"article","og_title":"Rendez-vous chirurgien dentiste Cergy T\u00e9l 01 34 46 71 82","og_description":"Contactez le cabinet du docteur Assor \u00e0 Cergy pour prendre rendez-vous en t\u00e9l\u00e9phonant au 01 34 46 06 07","og_url":"https:\/\/david-assor.fr\/?page_id=936","og_site_name":"Dentiste Cergy Le Haut","article_modified_time":"2021-05-21T13:36:15+00:00","og_image":[{"url":"https:\/\/pro.doctolib.fr\/external_button\/doctolib-white-transparent.png","type":"","width":"","height":""}],"twitter_card":"summary_large_image","twitter_misc":{"Dur\u00e9e de lecture estim\u00e9e":"1 minute"},"schema":{"@context":"https:\/\/schema.org","@graph":[{"@type":"WebPage","@id":"https:\/\/david-assor.fr\/?page_id=936","url":"https:\/\/david-assor.fr\/?page_id=936","name":"Rendez-vous chirurgien dentiste Cergy T\u00e9l 01 34 46 71 82","isPartOf":{"@id":"https:\/\/david-assor.fr\/#website"},"primaryImageOfPage":{"@id":"https:\/\/david-assor.fr\/?page_id=936#primaryimage"},"image":{"@id":"https:\/\/david-assor.fr\/?page_id=936#primaryimage"},"thumbnailUrl":"https:\/\/pro.doctolib.fr\/external_button\/doctolib-white-transparent.png","datePublished":"2017-12-13T16:41:48+00:00","dateModified":"2021-05-21T13:36:15+00:00","description":"Contactez le cabinet du docteur Assor \u00e0 Cergy pour prendre rendez-vous en t\u00e9l\u00e9phonant au 01 34 46 06 07","breadcrumb":{"@id":"https:\/\/david-assor.fr\/?page_id=936#breadcrumb"},"inLanguage":"fr-FR","potentialAction":[{"@type":"ReadAction","target":["https:\/\/david-assor.fr\/?page_id=936"]}]},{"@type":"ImageObject","inLanguage":"fr-FR","@id":"https:\/\/david-assor.fr\/?page_id=936#primaryimage","url":"https:\/\/pro.doctolib.fr\/external_button\/doctolib-white-transparent.png","contentUrl":"https:\/\/pro.doctolib.fr\/external_button\/doctolib-white-transparent.png"},{"@type":"BreadcrumbList","@id":"https:\/\/david-assor.fr\/?page_id=936#breadcrumb","itemListElement":[{"@type":"ListItem","position":1,"name":"Accueil","item":"https:\/\/david-assor.fr\/"},{"@type":"ListItem","position":2,"name":"Rendez-vous"}]},{"@type":"WebSite","@id":"https:\/\/david-assor.fr\/#website","url":"https:\/\/david-assor.fr\/","name":"Dentiste Cergy Le Haut","description":"","publisher":{"@id":"https:\/\/david-assor.fr\/#organization"},"potentialAction":[{"@type":"SearchAction","target":{"@type":"EntryPoint","urlTemplate":"https:\/\/david-assor.fr\/?s={search_term_string}"},"query-input":{"@type":"PropertyValueSpecification","valueRequired":true,"valueName":"search_term_string"}}],"inLanguage":"fr-FR"},{"@type":"Organization","@id":"https:\/\/david-assor.fr\/#organization","name":"DENTISTE CERGY LE HAUT","url":"https:\/\/david-assor.fr\/","logo":{"@type":"ImageObject","inLanguage":"fr-FR","@id":"https:\/\/david-assor.fr\/#\/schema\/logo\/image\/","url":"https:\/\/david-assor.fr\/wp-content\/uploads\/2017\/02\/dentiste-cergy.png","contentUrl":"https:\/\/david-assor.fr\/wp-content\/uploads\/2017\/02\/dentiste-cergy.png","width":248,"height":98,"caption":"DENTISTE CERGY LE HAUT"},"image":{"@id":"https:\/\/david-assor.fr\/#\/schema\/logo\/image\/"}}]}},"_links":{"self":[{"href":"https:\/\/david-assor.fr\/index.php?rest_route=\/wp\/v2\/pages\/936","targetHints":{"allow":["GET"]}}],"collection":[{"href":"https:\/\/david-assor.fr\/index.php?rest_route=\/wp\/v2\/pages"}],"about":[{"href":"https:\/\/david-assor.fr\/index.php?rest_route=\/wp\/v2\/types\/page"}],"author":[{"embeddable":true,"href":"https:\/\/david-assor.fr\/index.php?rest_route=\/wp\/v2\/users\/1"}],"replies":[{"embeddable":true,"href":"https:\/\/david-assor.fr\/index.php?rest_route=%2Fwp%2Fv2%2Fcomments&post=936"}],"version-history":[{"count":33,"href":"https:\/\/david-assor.fr\/index.php?rest_route=\/wp\/v2\/pages\/936\/revisions"}],"predecessor-version":[{"id":532646,"href":"https:\/\/david-assor.fr\/index.php?rest_route=\/wp\/v2\/pages\/936\/revisions\/532646"}],"wp:attachment":[{"href":"https:\/\/david-assor.fr\/index.php?rest_route=%2Fwp%2Fv2%2Fmedia&parent=936"}],"curies":[{"name":"wp","href":"https:\/\/api.w.org\/{rel}","templated":true}]}}