{"id":340,"date":"2017-03-03T14:51:10","date_gmt":"2017-03-03T14:51:10","guid":{"rendered":"http:\/\/demos.pixelatethemes.com\/dentalcarewp\/?page_id=340"},"modified":"2018-10-18T12:22:28","modified_gmt":"2018-10-18T10:22:28","slug":"contact","status":"publish","type":"page","link":"https:\/\/david-assor.fr\/?page_id=340","title":{"rendered":"Contact"},"content":{"rendered":"<div class=\"wpb-content-wrapper\"><p>[vc_row][vc_column el_class=&#8221;tt-block&#8221;][dentalcare_custom_heading heading=&#8221;Envoy\u00e9 un&#8221; heading_two=&#8221;Message&#8221;][vc_column_text css=&#8221;.vc_custom_1512319181881{margin-bottom: 0px !important;}&#8221;]<\/p>\n<div class=\"empty-space marg-lg-b25\"><\/div>\n<div class=\"simple-text\">\n<p>Nous vous invitons \u00e0 nous contacter via le formulaire de contact ci-dessous.<br \/>\nNotre secr\u00e9tariat t\u00e9l\u00e9phonique est disponible de \u00e0 du lundi au vendredi<\/div>\n<div class=\"empty-space marg-lg-b60 marg-sm-b40\"><\/div>\n<p>[\/vc_column_text][vc_row_inner][vc_column_inner el_class=&#8221;responsive-error-contact width-nine-plus&#8221; width=&#8221;2\/3&#8243;]\n<div class=\"wpcf7 no-js\" id=\"wpcf7-f347-o1\" lang=\"en-US\" dir=\"ltr\" data-wpcf7-id=\"347\">\n<div class=\"screen-reader-response\"><p role=\"status\" aria-live=\"polite\" aria-atomic=\"true\"><\/p> <ul><\/ul><\/div>\n<form action=\"\/index.php?rest_route=%2Fwp%2Fv2%2Fpages%2F340#wpcf7-f347-o1\" method=\"post\" class=\"wpcf7-form init\" aria-label=\"Contact form\" novalidate=\"novalidate\" data-status=\"init\">\n<fieldset class=\"hidden-fields-container\"><input type=\"hidden\" name=\"_wpcf7\" value=\"347\" \/><input type=\"hidden\" name=\"_wpcf7_version\" value=\"6.1.5\" \/><input type=\"hidden\" name=\"_wpcf7_locale\" value=\"en_US\" \/><input type=\"hidden\" name=\"_wpcf7_unit_tag\" value=\"wpcf7-f347-o1\" \/><input type=\"hidden\" name=\"_wpcf7_container_post\" value=\"0\" \/><input type=\"hidden\" name=\"_wpcf7_posted_data_hash\" value=\"\" \/><input type=\"hidden\" name=\"_wpcf7_recaptcha_response\" value=\"\" \/>\n<\/fieldset>\n<div class=\"pright30\">\n\t<div class=\"tt-reply wth-label\">\n\t\t<div class=\"row\">\n\t\t\t<div class=\"col-sm-6\">\n\t\t\t\t<p><label class=\"c-label\" > Votre Nom <\/label><span class=\"wpcf7-form-control-wrap\" data-name=\"your-name\"><input size=\"40\" maxlength=\"400\" class=\"wpcf7-form-control wpcf7-text wpcf7-validates-as-required c-input\" aria-required=\"true\" aria-invalid=\"false\" value=\"\" type=\"text\" name=\"your-name\" \/><\/span>\n\t\t\t\t<\/p>\n\t\t\t<\/div>\n\t\t\t<div class=\"col-sm-6\">\n\t\t\t\t<p><label class=\"c-label\" > Votre Email <\/label><span class=\"wpcf7-form-control-wrap\" data-name=\"your-email\"><input size=\"40\" maxlength=\"400\" class=\"wpcf7-form-control wpcf7-email wpcf7-validates-as-required wpcf7-text wpcf7-validates-as-email c-input\" aria-required=\"true\" aria-invalid=\"false\" value=\"\" type=\"email\" name=\"your-email\" \/><\/span>\n\t\t\t\t<\/p>\n\t\t\t<\/div>\n\t\t<\/div>\n\t\t<p><label class=\"c-label\" > Sujet <\/label><span class=\"wpcf7-form-control-wrap\" data-name=\"your-subject\"><input size=\"40\" maxlength=\"400\" class=\"wpcf7-form-control wpcf7-text c-input\" aria-invalid=\"false\" value=\"\" type=\"text\" name=\"your-subject\" \/><\/span><br \/>\n<label class=\"c-label\"> Message <\/label><span class=\"wpcf7-form-control-wrap\" data-name=\"your-message\"><textarea cols=\"40\" rows=\"10\" maxlength=\"2000\" class=\"wpcf7-form-control wpcf7-textarea c-area\" aria-invalid=\"false\" name=\"your-message\"><\/textarea><\/span>\n\t\t<\/p>\n\t\t<div class=\"c-btn input\">\n\t\t\t<p><input class=\"wpcf7-form-control wpcf7-submit has-spinner\" type=\"submit\" value=\"submit now\" \/>\n\t\t\t<\/p>\n\t\t<\/div>\n\t\t<div class=\"empty-space marg-sm-b50\">\n\t\t<\/div>\n\t<\/div>\n<\/div><p style=\"display: none !important;\" class=\"akismet-fields-container\" data-prefix=\"_wpcf7_ak_\"><label>&#916;<textarea name=\"_wpcf7_ak_hp_textarea\" cols=\"45\" rows=\"8\" maxlength=\"100\"><\/textarea><\/label><input type=\"hidden\" id=\"ak_js_1\" name=\"_wpcf7_ak_js\" value=\"75\"\/><script type=\"text\/javascript\">\n\/* <![CDATA[ *\/\ndocument.getElementById( \"ak_js_1\" ).setAttribute( \"value\", ( new Date() ).getTime() );\n\/* ]]> *\/\n<\/script>\n<\/p><div class=\"wpcf7-response-output\" aria-hidden=\"true\"><\/div>\n<\/form>\n<\/div>\n[vc_column_text css=&#8221;.vc_custom_1490077946229{padding-bottom: 0px !important;}&#8221;]<\/p>\n<div class=\"empty-space marg-sm-b50\"><\/div>\n<p>[\/vc_column_text][\/vc_column_inner][vc_column_inner el_class=&#8221;width-nine-plus&#8221; width=&#8221;1\/3&#8243;][dentalcare_contact_touch heading_one=&#8221;Nous&#8221; heading_two=&#8221;Contacter&#8221; get_address=&#8221;30 Boulevard de l&#8217;\u00c9vasion, 95000 Cergy&#8221; email_address_one=&#8221;info\/@\/david-assor.fr&#8221; email_address_two=&#8221;&#8221; contact_number_one=&#8221;+ 01 34 46 71 82&#8243; contact_number_two=&#8221;&#8221;][\/vc_column_inner][\/vc_row_inner][\/vc_column][\/vc_row][vc_row full_width=&#8221;stretch_row_content_no_spaces&#8221;][vc_column][vc_gmaps link=&#8221;#E-8_JTNDaWZyYW1lJTIwc3JjJTNEJTIyaHR0cHMlM0ElMkYlMkZ3d3cuZ29vZ2xlLmNvbSUyRm1hcHMlMkZlbWJlZCUzRnBiJTNEJTIxMW0xNCUyMTFtOCUyMTFtMyUyMTFkMTA0NTkuOTEzMDkxNTA3NzkzJTIxMmQyLjAxMTU3NTglMjEzZDQ5LjA0OTAzNjclMjEzbTIlMjExaTEwMjQlMjEyaTc2OCUyMTRmMTMuMSUyMTNtMyUyMTFtMiUyMTFzMHgwJTI1M0EweDI2ODRlZDE2YWQ5YjAzOTUlMjEyc0Fzc29yJTJCRGF2aWQlMjE1ZTAlMjEzbTIlMjExc2ZyJTIxMnNmciUyMTR2MTUxMjMxNjg4MTcxMiUyMiUyMHdpZHRoJTNEJTIyNjAwJTIyJTIwaGVpZ2h0JTNEJTIyNDIwJTIyJTIwZnJhbWVib3JkZXIlM0QlMjIwJTIyJTIwc3R5bGUlM0QlMjJib3JkZXIlM0EwJTIyJTIwYWxsb3dmdWxsc2NyZWVuJTNFJTNDJTJGaWZyYW1lJTNF&#8221; el_class=&#8221;padding-none-contact&#8221;][\/vc_column][\/vc_row]<\/p>\n<\/div>","protected":false},"excerpt":{"rendered":"<p>[vc_row][vc_column el_class=&#8221;tt-block&#8221;][dentalcare_custom_heading heading=&#8221;Envoy\u00e9 un&#8221; heading_two=&#8221;Message&#8221;][vc_column_text css=&#8221;.vc_custom_1512319181881{margin-bottom: 0px !important;}&#8221;] Nous vous invitons \u00e0 nous contacter via le formulaire de contact ci-dessous. Notre secr\u00e9tariat t\u00e9l\u00e9phonique est disponible de \u00e0 du lundi au vendredi [\/vc_column_text][vc_row_inner][vc_column_inner el_class=&#8221;responsive-error-contact width-nine-plus&#8221; width=&#8221;2\/3&#8243;][vc_column_text css=&#8221;.vc_custom_1490077946229{padding-bottom: 0px !important;}&#8221;] [\/vc_column_text][\/vc_column_inner][vc_column_inner el_class=&#8221;width-nine-plus&#8221; width=&#8221;1\/3&#8243;][dentalcare_contact_touch heading_one=&#8221;Nous&#8221; heading_two=&#8221;Contacter&#8221; get_address=&#8221;30 Boulevard de l&#8217;\u00c9vasion, 95000 Cergy&#8221; email_address_one=&#8221;info\/@\/david-assor.fr&#8221; email_address_two=&#8221;&#8221; contact_number_one=&#8221;+ 01 34 46<\/p>\n","protected":false},"author":1,"featured_media":0,"parent":0,"menu_order":0,"comment_status":"closed","ping_status":"closed","template":"","meta":{"footnotes":""},"class_list":["post-340","page","type-page","status-publish","hentry"],"yoast_head":"<!-- This site is optimized with the Yoast SEO plugin v27.4 - https:\/\/yoast.com\/product\/yoast-seo-wordpress\/ -->\n<title>Contact - Dentiste Cergy Le Haut<\/title>\n<meta name=\"robots\" content=\"index, follow, max-snippet:-1, max-image-preview:large, max-video-preview:-1\" \/>\n<link rel=\"canonical\" href=\"https:\/\/david-assor.fr\/?page_id=340\" \/>\n<meta property=\"og:locale\" content=\"fr_FR\" \/>\n<meta property=\"og:type\" content=\"article\" \/>\n<meta property=\"og:title\" content=\"Contact - Dentiste Cergy Le Haut\" \/>\n<meta property=\"og:description\" content=\"[vc_row][vc_column el_class=&#8221;tt-block&#8221;][dentalcare_custom_heading heading=&#8221;Envoy\u00e9 un&#8221; heading_two=&#8221;Message&#8221;][vc_column_text css=&#8221;.vc_custom_1512319181881{margin-bottom: 0px !important;}&#8221;] Nous vous invitons \u00e0 nous contacter via le formulaire de contact ci-dessous. Notre secr\u00e9tariat t\u00e9l\u00e9phonique est disponible de \u00e0 du lundi au vendredi [\/vc_column_text][vc_row_inner][vc_column_inner el_class=&#8221;responsive-error-contact width-nine-plus&#8221; width=&#8221;2\/3&#8243;][vc_column_text css=&#8221;.vc_custom_1490077946229{padding-bottom: 0px !important;}&#8221;] [\/vc_column_text][\/vc_column_inner][vc_column_inner el_class=&#8221;width-nine-plus&#8221; width=&#8221;1\/3&#8243;][dentalcare_contact_touch heading_one=&#8221;Nous&#8221; heading_two=&#8221;Contacter&#8221; get_address=&#8221;30 Boulevard de l&#8217;\u00c9vasion, 95000 Cergy&#8221; email_address_one=&#8221;info\/@\/david-assor.fr&#8221; email_address_two=&#8221;&#8221; contact_number_one=&#8221;+ 01 34 46\" \/>\n<meta property=\"og:url\" content=\"https:\/\/david-assor.fr\/?page_id=340\" \/>\n<meta property=\"og:site_name\" content=\"Dentiste Cergy Le Haut\" \/>\n<meta property=\"article:modified_time\" content=\"2018-10-18T10:22:28+00:00\" \/>\n<meta name=\"twitter:card\" content=\"summary_large_image\" \/>\n<meta name=\"twitter:label1\" content=\"Dur\u00e9e de lecture estim\u00e9e\" \/>\n\t<meta name=\"twitter:data1\" content=\"1 minute\" \/>\n<script type=\"application\/ld+json\" class=\"yoast-schema-graph\">{\"@context\":\"https:\\\/\\\/schema.org\",\"@graph\":[{\"@type\":\"WebPage\",\"@id\":\"https:\\\/\\\/david-assor.fr\\\/?page_id=340\",\"url\":\"https:\\\/\\\/david-assor.fr\\\/?page_id=340\",\"name\":\"Contact - Dentiste Cergy Le Haut\",\"isPartOf\":{\"@id\":\"https:\\\/\\\/david-assor.fr\\\/#website\"},\"datePublished\":\"2017-03-03T14:51:10+00:00\",\"dateModified\":\"2018-10-18T10:22:28+00:00\",\"breadcrumb\":{\"@id\":\"https:\\\/\\\/david-assor.fr\\\/?page_id=340#breadcrumb\"},\"inLanguage\":\"fr-FR\",\"potentialAction\":[{\"@type\":\"ReadAction\",\"target\":[\"https:\\\/\\\/david-assor.fr\\\/?page_id=340\"]}]},{\"@type\":\"BreadcrumbList\",\"@id\":\"https:\\\/\\\/david-assor.fr\\\/?page_id=340#breadcrumb\",\"itemListElement\":[{\"@type\":\"ListItem\",\"position\":1,\"name\":\"Accueil\",\"item\":\"https:\\\/\\\/david-assor.fr\\\/\"},{\"@type\":\"ListItem\",\"position\":2,\"name\":\"Contact\"}]},{\"@type\":\"WebSite\",\"@id\":\"https:\\\/\\\/david-assor.fr\\\/#website\",\"url\":\"https:\\\/\\\/david-assor.fr\\\/\",\"name\":\"Dentiste Cergy Le Haut\",\"description\":\"\",\"publisher\":{\"@id\":\"https:\\\/\\\/david-assor.fr\\\/#organization\"},\"potentialAction\":[{\"@type\":\"SearchAction\",\"target\":{\"@type\":\"EntryPoint\",\"urlTemplate\":\"https:\\\/\\\/david-assor.fr\\\/?s={search_term_string}\"},\"query-input\":{\"@type\":\"PropertyValueSpecification\",\"valueRequired\":true,\"valueName\":\"search_term_string\"}}],\"inLanguage\":\"fr-FR\"},{\"@type\":\"Organization\",\"@id\":\"https:\\\/\\\/david-assor.fr\\\/#organization\",\"name\":\"DENTISTE CERGY LE HAUT\",\"url\":\"https:\\\/\\\/david-assor.fr\\\/\",\"logo\":{\"@type\":\"ImageObject\",\"inLanguage\":\"fr-FR\",\"@id\":\"https:\\\/\\\/david-assor.fr\\\/#\\\/schema\\\/logo\\\/image\\\/\",\"url\":\"https:\\\/\\\/david-assor.fr\\\/wp-content\\\/uploads\\\/2017\\\/02\\\/dentiste-cergy.png\",\"contentUrl\":\"https:\\\/\\\/david-assor.fr\\\/wp-content\\\/uploads\\\/2017\\\/02\\\/dentiste-cergy.png\",\"width\":248,\"height\":98,\"caption\":\"DENTISTE CERGY LE HAUT\"},\"image\":{\"@id\":\"https:\\\/\\\/david-assor.fr\\\/#\\\/schema\\\/logo\\\/image\\\/\"}}]}<\/script>\n<!-- \/ Yoast SEO plugin. -->","yoast_head_json":{"title":"Contact - Dentiste Cergy Le Haut","robots":{"index":"index","follow":"follow","max-snippet":"max-snippet:-1","max-image-preview":"max-image-preview:large","max-video-preview":"max-video-preview:-1"},"canonical":"https:\/\/david-assor.fr\/?page_id=340","og_locale":"fr_FR","og_type":"article","og_title":"Contact - Dentiste Cergy Le Haut","og_description":"[vc_row][vc_column el_class=&#8221;tt-block&#8221;][dentalcare_custom_heading heading=&#8221;Envoy\u00e9 un&#8221; heading_two=&#8221;Message&#8221;][vc_column_text css=&#8221;.vc_custom_1512319181881{margin-bottom: 0px !important;}&#8221;] Nous vous invitons \u00e0 nous contacter via le formulaire de contact ci-dessous. Notre secr\u00e9tariat t\u00e9l\u00e9phonique est disponible de \u00e0 du lundi au vendredi [\/vc_column_text][vc_row_inner][vc_column_inner el_class=&#8221;responsive-error-contact width-nine-plus&#8221; width=&#8221;2\/3&#8243;][vc_column_text css=&#8221;.vc_custom_1490077946229{padding-bottom: 0px !important;}&#8221;] [\/vc_column_text][\/vc_column_inner][vc_column_inner el_class=&#8221;width-nine-plus&#8221; width=&#8221;1\/3&#8243;][dentalcare_contact_touch heading_one=&#8221;Nous&#8221; heading_two=&#8221;Contacter&#8221; get_address=&#8221;30 Boulevard de l&#8217;\u00c9vasion, 95000 Cergy&#8221; email_address_one=&#8221;info\/@\/david-assor.fr&#8221; email_address_two=&#8221;&#8221; contact_number_one=&#8221;+ 01 34 46","og_url":"https:\/\/david-assor.fr\/?page_id=340","og_site_name":"Dentiste Cergy Le Haut","article_modified_time":"2018-10-18T10:22:28+00:00","twitter_card":"summary_large_image","twitter_misc":{"Dur\u00e9e de lecture estim\u00e9e":"1 minute"},"schema":{"@context":"https:\/\/schema.org","@graph":[{"@type":"WebPage","@id":"https:\/\/david-assor.fr\/?page_id=340","url":"https:\/\/david-assor.fr\/?page_id=340","name":"Contact - Dentiste Cergy Le Haut","isPartOf":{"@id":"https:\/\/david-assor.fr\/#website"},"datePublished":"2017-03-03T14:51:10+00:00","dateModified":"2018-10-18T10:22:28+00:00","breadcrumb":{"@id":"https:\/\/david-assor.fr\/?page_id=340#breadcrumb"},"inLanguage":"fr-FR","potentialAction":[{"@type":"ReadAction","target":["https:\/\/david-assor.fr\/?page_id=340"]}]},{"@type":"BreadcrumbList","@id":"https:\/\/david-assor.fr\/?page_id=340#breadcrumb","itemListElement":[{"@type":"ListItem","position":1,"name":"Accueil","item":"https:\/\/david-assor.fr\/"},{"@type":"ListItem","position":2,"name":"Contact"}]},{"@type":"WebSite","@id":"https:\/\/david-assor.fr\/#website","url":"https:\/\/david-assor.fr\/","name":"Dentiste Cergy Le Haut","description":"","publisher":{"@id":"https:\/\/david-assor.fr\/#organization"},"potentialAction":[{"@type":"SearchAction","target":{"@type":"EntryPoint","urlTemplate":"https:\/\/david-assor.fr\/?s={search_term_string}"},"query-input":{"@type":"PropertyValueSpecification","valueRequired":true,"valueName":"search_term_string"}}],"inLanguage":"fr-FR"},{"@type":"Organization","@id":"https:\/\/david-assor.fr\/#organization","name":"DENTISTE CERGY LE HAUT","url":"https:\/\/david-assor.fr\/","logo":{"@type":"ImageObject","inLanguage":"fr-FR","@id":"https:\/\/david-assor.fr\/#\/schema\/logo\/image\/","url":"https:\/\/david-assor.fr\/wp-content\/uploads\/2017\/02\/dentiste-cergy.png","contentUrl":"https:\/\/david-assor.fr\/wp-content\/uploads\/2017\/02\/dentiste-cergy.png","width":248,"height":98,"caption":"DENTISTE CERGY LE HAUT"},"image":{"@id":"https:\/\/david-assor.fr\/#\/schema\/logo\/image\/"}}]}},"_links":{"self":[{"href":"https:\/\/david-assor.fr\/index.php?rest_route=\/wp\/v2\/pages\/340","targetHints":{"allow":["GET"]}}],"collection":[{"href":"https:\/\/david-assor.fr\/index.php?rest_route=\/wp\/v2\/pages"}],"about":[{"href":"https:\/\/david-assor.fr\/index.php?rest_route=\/wp\/v2\/types\/page"}],"author":[{"embeddable":true,"href":"https:\/\/david-assor.fr\/index.php?rest_route=\/wp\/v2\/users\/1"}],"replies":[{"embeddable":true,"href":"https:\/\/david-assor.fr\/index.php?rest_route=%2Fwp%2Fv2%2Fcomments&post=340"}],"version-history":[{"count":7,"href":"https:\/\/david-assor.fr\/index.php?rest_route=\/wp\/v2\/pages\/340\/revisions"}],"predecessor-version":[{"id":8995,"href":"https:\/\/david-assor.fr\/index.php?rest_route=\/wp\/v2\/pages\/340\/revisions\/8995"}],"wp:attachment":[{"href":"https:\/\/david-assor.fr\/index.php?rest_route=%2Fwp%2Fv2%2Fmedia&parent=340"}],"curies":[{"name":"wp","href":"https:\/\/api.w.org\/{rel}","templated":true}]}}