{"id":226,"date":"2017-03-02T04:36:51","date_gmt":"2017-03-02T04:36:51","guid":{"rendered":"http:\/\/demos.pixelatethemes.com\/dentalcarewp\/?page_id=226"},"modified":"2018-01-02T18:46:45","modified_gmt":"2018-01-02T17:46:45","slug":"soins-dentaires","status":"publish","type":"page","link":"https:\/\/david-assor.fr\/?page_id=226","title":{"rendered":"Soins dentaires"},"content":{"rendered":"<div class=\"wpb-content-wrapper\"><p>[vc_row el_class=&#8221;tt-block&#8221;][vc_column][vc_column_text css=&#8221;.vc_custom_1514915200749{margin-bottom: 0px !important;}&#8221;]<\/p>\n<div class=\"row\">\n<div class=\"col-md-7\">\n<div class=\"tt-clinical\">\n<h4 class=\"tt-title h4\">Soins Dentaires<\/h4>\n<div class=\"simple-text margin\">\n<p>Le Docteur David ASSOR vous propose\u00a0une gamme compl\u00e8te de soins et de traitements dentaires.<\/p>\n<ul>\n<li>Traitement de base et pr\u00e9ventif, examen et nettoyage<\/li>\n<li>Pr\u00e9vention et traitement de la carie dentaire<\/li>\n<li>Traitement de canal<\/li>\n<li>Extraction des dents sagesses<\/li>\n<li>Soins dentaires pour enfants<\/li>\n<\/ul>\n<\/div>\n<\/div>\n<\/div>\n<div class=\"col-md-5\">\n<div class=\"tt-clinical-img\"><img loading=\"lazy\" decoding=\"async\" class=\"alignnone size-full wp-image-231 img-responsive\" src=\"http:\/\/demos.pixelatethemes.com\/dentalcarewp\/wp-content\/uploads\/2017\/03\/service_1.jpg\" alt=\"\" width=\"450\" height=\"294\" srcset=\"https:\/\/david-assor.fr\/wp-content\/uploads\/2017\/03\/service_1.jpg 450w, https:\/\/david-assor.fr\/wp-content\/uploads\/2017\/03\/service_1-300x196.jpg 300w\" sizes=\"auto, (max-width: 450px) 100vw, 450px\" \/><\/div>\n<\/div>\n<div>\n<p>&nbsp;<\/p>\n<h3>Rendez-vous chez le dentiste Cergy<\/h3>\n<p>D\u00e8s l\u2019adolescence Il est conseill\u00e9 de proc\u00e9der \u00e0 un examen dentaire afin de mesurer la progression des dents de sagesse.<br \/>\nEn cas de n\u00e9cessit\u00e9 d\u2019extraction d\u2019une dent de sagesse il est plus facile de l&#8217;effectuer entre 18 et 21 ans lorsque que les racines des dents de sagesse ne sont pas encore compl\u00e8tement form\u00e9es.<\/p>\n<h3>Les douleurs dentaires<\/h3>\n<p>Un adulte sur quatre est sujet \u00e0 l\u2019hypersensibilit\u00e9 dentaire .<br \/>\nElle peut d\u00e9clencher des douleurs tr\u00e8s pesante et un inconfortable au quotidien. L\u2019hypersensibilit\u00e9 des dents peut vous contrainte l&#8217;emp\u00eachement de gouter certains aliments chauds ou froids.<br \/>\nCes types de douleurs peuvent indiquer l&#8217;existence de carie ou d\u2019une maladie cach\u00e9. Proche d\u2019un courant \u00e9lectrique la douleur se trouve \u00e0 la jonction de la gencive et de la dent.<\/p>\n<\/div>\n<\/div>\n<p>[\/vc_column_text][\/vc_column][\/vc_row]<\/p>\n<\/div>","protected":false},"excerpt":{"rendered":"<p>[vc_row el_class=&#8221;tt-block&#8221;][vc_column][vc_column_text css=&#8221;.vc_custom_1514915200749{margin-bottom: 0px !important;}&#8221;] Soins Dentaires Le Docteur David ASSOR vous propose\u00a0une gamme compl\u00e8te de soins et de traitements dentaires. Traitement de base et pr\u00e9ventif, examen et nettoyage Pr\u00e9vention et traitement de la carie dentaire Traitement de canal Extraction des dents sagesses Soins dentaires pour enfants &nbsp; Rendez-vous chez le dentiste Cergy D\u00e8s l\u2019adolescence<\/p>\n","protected":false},"author":1,"featured_media":0,"parent":0,"menu_order":0,"comment_status":"closed","ping_status":"closed","template":"","meta":{"footnotes":""},"class_list":["post-226","page","type-page","status-publish","hentry"],"yoast_head":"<!-- This site is optimized with the Yoast SEO plugin v27.4 - https:\/\/yoast.com\/product\/yoast-seo-wordpress\/ -->\n<title>Soins dentaires - Dentiste Cergy Le Haut<\/title>\n<meta name=\"robots\" content=\"index, follow, max-snippet:-1, max-image-preview:large, max-video-preview:-1\" \/>\n<link rel=\"canonical\" href=\"https:\/\/david-assor.fr\/?page_id=226\" \/>\n<meta property=\"og:locale\" content=\"fr_FR\" \/>\n<meta property=\"og:type\" content=\"article\" \/>\n<meta property=\"og:title\" content=\"Soins dentaires - Dentiste Cergy Le Haut\" \/>\n<meta property=\"og:description\" content=\"[vc_row el_class=&#8221;tt-block&#8221;][vc_column][vc_column_text css=&#8221;.vc_custom_1514915200749{margin-bottom: 0px !important;}&#8221;] Soins Dentaires Le Docteur David ASSOR vous propose\u00a0une gamme compl\u00e8te de soins et de traitements dentaires. Traitement de base et pr\u00e9ventif, examen et nettoyage Pr\u00e9vention et traitement de la carie dentaire Traitement de canal Extraction des dents sagesses Soins dentaires pour enfants &nbsp; Rendez-vous chez le dentiste Cergy D\u00e8s l\u2019adolescence\" \/>\n<meta property=\"og:url\" content=\"https:\/\/david-assor.fr\/?page_id=226\" \/>\n<meta property=\"og:site_name\" content=\"Dentiste Cergy Le Haut\" \/>\n<meta property=\"article:modified_time\" content=\"2018-01-02T17:46:45+00:00\" \/>\n<meta property=\"og:image\" content=\"http:\/\/demos.pixelatethemes.com\/dentalcarewp\/wp-content\/uploads\/2017\/03\/service_1.jpg\" \/>\n<meta name=\"twitter:card\" content=\"summary_large_image\" \/>\n<meta name=\"twitter:label1\" content=\"Dur\u00e9e de lecture estim\u00e9e\" \/>\n\t<meta name=\"twitter:data1\" content=\"1 minute\" \/>\n<script type=\"application\/ld+json\" class=\"yoast-schema-graph\">{\"@context\":\"https:\\\/\\\/schema.org\",\"@graph\":[{\"@type\":\"WebPage\",\"@id\":\"https:\\\/\\\/david-assor.fr\\\/?page_id=226\",\"url\":\"https:\\\/\\\/david-assor.fr\\\/?page_id=226\",\"name\":\"Soins dentaires - Dentiste Cergy Le Haut\",\"isPartOf\":{\"@id\":\"https:\\\/\\\/david-assor.fr\\\/#website\"},\"primaryImageOfPage\":{\"@id\":\"https:\\\/\\\/david-assor.fr\\\/?page_id=226#primaryimage\"},\"image\":{\"@id\":\"https:\\\/\\\/david-assor.fr\\\/?page_id=226#primaryimage\"},\"thumbnailUrl\":\"http:\\\/\\\/demos.pixelatethemes.com\\\/dentalcarewp\\\/wp-content\\\/uploads\\\/2017\\\/03\\\/service_1.jpg\",\"datePublished\":\"2017-03-02T04:36:51+00:00\",\"dateModified\":\"2018-01-02T17:46:45+00:00\",\"breadcrumb\":{\"@id\":\"https:\\\/\\\/david-assor.fr\\\/?page_id=226#breadcrumb\"},\"inLanguage\":\"fr-FR\",\"potentialAction\":[{\"@type\":\"ReadAction\",\"target\":[\"https:\\\/\\\/david-assor.fr\\\/?page_id=226\"]}]},{\"@type\":\"ImageObject\",\"inLanguage\":\"fr-FR\",\"@id\":\"https:\\\/\\\/david-assor.fr\\\/?page_id=226#primaryimage\",\"url\":\"http:\\\/\\\/demos.pixelatethemes.com\\\/dentalcarewp\\\/wp-content\\\/uploads\\\/2017\\\/03\\\/service_1.jpg\",\"contentUrl\":\"http:\\\/\\\/demos.pixelatethemes.com\\\/dentalcarewp\\\/wp-content\\\/uploads\\\/2017\\\/03\\\/service_1.jpg\"},{\"@type\":\"BreadcrumbList\",\"@id\":\"https:\\\/\\\/david-assor.fr\\\/?page_id=226#breadcrumb\",\"itemListElement\":[{\"@type\":\"ListItem\",\"position\":1,\"name\":\"Accueil\",\"item\":\"https:\\\/\\\/david-assor.fr\\\/\"},{\"@type\":\"ListItem\",\"position\":2,\"name\":\"Soins dentaires\"}]},{\"@type\":\"WebSite\",\"@id\":\"https:\\\/\\\/david-assor.fr\\\/#website\",\"url\":\"https:\\\/\\\/david-assor.fr\\\/\",\"name\":\"Dentiste Cergy Le Haut\",\"description\":\"\",\"publisher\":{\"@id\":\"https:\\\/\\\/david-assor.fr\\\/#organization\"},\"potentialAction\":[{\"@type\":\"SearchAction\",\"target\":{\"@type\":\"EntryPoint\",\"urlTemplate\":\"https:\\\/\\\/david-assor.fr\\\/?s={search_term_string}\"},\"query-input\":{\"@type\":\"PropertyValueSpecification\",\"valueRequired\":true,\"valueName\":\"search_term_string\"}}],\"inLanguage\":\"fr-FR\"},{\"@type\":\"Organization\",\"@id\":\"https:\\\/\\\/david-assor.fr\\\/#organization\",\"name\":\"DENTISTE CERGY LE HAUT\",\"url\":\"https:\\\/\\\/david-assor.fr\\\/\",\"logo\":{\"@type\":\"ImageObject\",\"inLanguage\":\"fr-FR\",\"@id\":\"https:\\\/\\\/david-assor.fr\\\/#\\\/schema\\\/logo\\\/image\\\/\",\"url\":\"https:\\\/\\\/david-assor.fr\\\/wp-content\\\/uploads\\\/2017\\\/02\\\/dentiste-cergy.png\",\"contentUrl\":\"https:\\\/\\\/david-assor.fr\\\/wp-content\\\/uploads\\\/2017\\\/02\\\/dentiste-cergy.png\",\"width\":248,\"height\":98,\"caption\":\"DENTISTE CERGY LE HAUT\"},\"image\":{\"@id\":\"https:\\\/\\\/david-assor.fr\\\/#\\\/schema\\\/logo\\\/image\\\/\"}}]}<\/script>\n<!-- \/ Yoast SEO plugin. -->","yoast_head_json":{"title":"Soins dentaires - Dentiste Cergy Le Haut","robots":{"index":"index","follow":"follow","max-snippet":"max-snippet:-1","max-image-preview":"max-image-preview:large","max-video-preview":"max-video-preview:-1"},"canonical":"https:\/\/david-assor.fr\/?page_id=226","og_locale":"fr_FR","og_type":"article","og_title":"Soins dentaires - Dentiste Cergy Le Haut","og_description":"[vc_row el_class=&#8221;tt-block&#8221;][vc_column][vc_column_text css=&#8221;.vc_custom_1514915200749{margin-bottom: 0px !important;}&#8221;] Soins Dentaires Le Docteur David ASSOR vous propose\u00a0une gamme compl\u00e8te de soins et de traitements dentaires. Traitement de base et pr\u00e9ventif, examen et nettoyage Pr\u00e9vention et traitement de la carie dentaire Traitement de canal Extraction des dents sagesses Soins dentaires pour enfants &nbsp; Rendez-vous chez le dentiste Cergy D\u00e8s l\u2019adolescence","og_url":"https:\/\/david-assor.fr\/?page_id=226","og_site_name":"Dentiste Cergy Le Haut","article_modified_time":"2018-01-02T17:46:45+00:00","og_image":[{"url":"http:\/\/demos.pixelatethemes.com\/dentalcarewp\/wp-content\/uploads\/2017\/03\/service_1.jpg","type":"","width":"","height":""}],"twitter_card":"summary_large_image","twitter_misc":{"Dur\u00e9e de lecture estim\u00e9e":"1 minute"},"schema":{"@context":"https:\/\/schema.org","@graph":[{"@type":"WebPage","@id":"https:\/\/david-assor.fr\/?page_id=226","url":"https:\/\/david-assor.fr\/?page_id=226","name":"Soins dentaires - Dentiste Cergy Le Haut","isPartOf":{"@id":"https:\/\/david-assor.fr\/#website"},"primaryImageOfPage":{"@id":"https:\/\/david-assor.fr\/?page_id=226#primaryimage"},"image":{"@id":"https:\/\/david-assor.fr\/?page_id=226#primaryimage"},"thumbnailUrl":"http:\/\/demos.pixelatethemes.com\/dentalcarewp\/wp-content\/uploads\/2017\/03\/service_1.jpg","datePublished":"2017-03-02T04:36:51+00:00","dateModified":"2018-01-02T17:46:45+00:00","breadcrumb":{"@id":"https:\/\/david-assor.fr\/?page_id=226#breadcrumb"},"inLanguage":"fr-FR","potentialAction":[{"@type":"ReadAction","target":["https:\/\/david-assor.fr\/?page_id=226"]}]},{"@type":"ImageObject","inLanguage":"fr-FR","@id":"https:\/\/david-assor.fr\/?page_id=226#primaryimage","url":"http:\/\/demos.pixelatethemes.com\/dentalcarewp\/wp-content\/uploads\/2017\/03\/service_1.jpg","contentUrl":"http:\/\/demos.pixelatethemes.com\/dentalcarewp\/wp-content\/uploads\/2017\/03\/service_1.jpg"},{"@type":"BreadcrumbList","@id":"https:\/\/david-assor.fr\/?page_id=226#breadcrumb","itemListElement":[{"@type":"ListItem","position":1,"name":"Accueil","item":"https:\/\/david-assor.fr\/"},{"@type":"ListItem","position":2,"name":"Soins dentaires"}]},{"@type":"WebSite","@id":"https:\/\/david-assor.fr\/#website","url":"https:\/\/david-assor.fr\/","name":"Dentiste Cergy Le Haut","description":"","publisher":{"@id":"https:\/\/david-assor.fr\/#organization"},"potentialAction":[{"@type":"SearchAction","target":{"@type":"EntryPoint","urlTemplate":"https:\/\/david-assor.fr\/?s={search_term_string}"},"query-input":{"@type":"PropertyValueSpecification","valueRequired":true,"valueName":"search_term_string"}}],"inLanguage":"fr-FR"},{"@type":"Organization","@id":"https:\/\/david-assor.fr\/#organization","name":"DENTISTE CERGY LE HAUT","url":"https:\/\/david-assor.fr\/","logo":{"@type":"ImageObject","inLanguage":"fr-FR","@id":"https:\/\/david-assor.fr\/#\/schema\/logo\/image\/","url":"https:\/\/david-assor.fr\/wp-content\/uploads\/2017\/02\/dentiste-cergy.png","contentUrl":"https:\/\/david-assor.fr\/wp-content\/uploads\/2017\/02\/dentiste-cergy.png","width":248,"height":98,"caption":"DENTISTE CERGY LE HAUT"},"image":{"@id":"https:\/\/david-assor.fr\/#\/schema\/logo\/image\/"}}]}},"_links":{"self":[{"href":"https:\/\/david-assor.fr\/index.php?rest_route=\/wp\/v2\/pages\/226","targetHints":{"allow":["GET"]}}],"collection":[{"href":"https:\/\/david-assor.fr\/index.php?rest_route=\/wp\/v2\/pages"}],"about":[{"href":"https:\/\/david-assor.fr\/index.php?rest_route=\/wp\/v2\/types\/page"}],"author":[{"embeddable":true,"href":"https:\/\/david-assor.fr\/index.php?rest_route=\/wp\/v2\/users\/1"}],"replies":[{"embeddable":true,"href":"https:\/\/david-assor.fr\/index.php?rest_route=%2Fwp%2Fv2%2Fcomments&post=226"}],"version-history":[{"count":4,"href":"https:\/\/david-assor.fr\/index.php?rest_route=\/wp\/v2\/pages\/226\/revisions"}],"predecessor-version":[{"id":1240,"href":"https:\/\/david-assor.fr\/index.php?rest_route=\/wp\/v2\/pages\/226\/revisions\/1240"}],"wp:attachment":[{"href":"https:\/\/david-assor.fr\/index.php?rest_route=%2Fwp%2Fv2%2Fmedia&parent=226"}],"curies":[{"name":"wp","href":"https:\/\/api.w.org\/{rel}","templated":true}]}}