{"id":201,"date":"2017-03-01T08:18:27","date_gmt":"2017-03-01T08:18:27","guid":{"rendered":"http:\/\/demos.pixelatethemes.com\/dentalcarewp\/?page_id=201"},"modified":"2017-12-20T14:39:12","modified_gmt":"2017-12-20T14:39:12","slug":"cabinet-dentiste","status":"publish","type":"page","link":"https:\/\/david-assor.fr\/?page_id=201","title":{"rendered":"L&#8217;\u00e9quipe"},"content":{"rendered":"<div class=\"wpb-content-wrapper\"><p>[vc_row el_class=&#8221;tt-block&#8221;][vc_column][dentalcare_custom_heading heading=&#8221;L&#8217;\u00e9quipe du Docteur&#8221; heading_two=&#8221;Assor&#8221;][vc_column_text css=&#8221;.vc_custom_1513188811112{margin-bottom: 0px !important;}&#8221;]<\/p>\n<div class=\"simple-text\">\n<p>Le Cabinet dentaire a \u00e9t\u00e9 cr\u00e9\u00e9 et est dirig\u00e9 par le\u00a0<strong>Docteur David Assor,\u00a0<\/strong>Docteur en Chirurgie dentaire.<\/p>\n<\/div>\n<div class=\"empty-space marg-lg-b50\"><\/div>\n<p>[\/vc_column_text][dentalcare_team_listing number=&#8221;8&#8243; column=&#8221;4&#8243;][\/vc_column][\/vc_row]<\/p>\n<\/div>","protected":false},"excerpt":{"rendered":"<p>[vc_row el_class=&#8221;tt-block&#8221;][vc_column][dentalcare_custom_heading heading=&#8221;L&#8217;\u00e9quipe du Docteur&#8221; heading_two=&#8221;Assor&#8221;][vc_column_text css=&#8221;.vc_custom_1513188811112{margin-bottom: 0px !important;}&#8221;] Le Cabinet dentaire a \u00e9t\u00e9 cr\u00e9\u00e9 et est dirig\u00e9 par le\u00a0Docteur David Assor,\u00a0Docteur en Chirurgie dentaire. [\/vc_column_text][dentalcare_team_listing number=&#8221;8&#8243; column=&#8221;4&#8243;][\/vc_column][\/vc_row]<\/p>\n","protected":false},"author":1,"featured_media":0,"parent":0,"menu_order":0,"comment_status":"closed","ping_status":"closed","template":"","meta":{"footnotes":""},"class_list":["post-201","page","type-page","status-publish","hentry"],"yoast_head":"<!-- This site is optimized with the Yoast SEO plugin v27.5 - https:\/\/yoast.com\/product\/yoast-seo-wordpress\/ -->\n<title>Cabinet dentaire &amp; d&#039;implantologie \u00e0 Cergy le haut<\/title>\n<meta name=\"robots\" content=\"index, follow, max-snippet:-1, max-image-preview:large, max-video-preview:-1\" \/>\n<link rel=\"canonical\" href=\"https:\/\/david-assor.fr\/?page_id=201\" \/>\n<meta property=\"og:locale\" content=\"fr_FR\" \/>\n<meta property=\"og:type\" content=\"article\" \/>\n<meta property=\"og:title\" content=\"Cabinet dentaire &amp; d&#039;implantologie \u00e0 Cergy le haut\" \/>\n<meta property=\"og:description\" content=\"[vc_row el_class=&#8221;tt-block&#8221;][vc_column][dentalcare_custom_heading heading=&#8221;L&#8217;\u00e9quipe du Docteur&#8221; heading_two=&#8221;Assor&#8221;][vc_column_text css=&#8221;.vc_custom_1513188811112{margin-bottom: 0px !important;}&#8221;] Le Cabinet dentaire a \u00e9t\u00e9 cr\u00e9\u00e9 et est dirig\u00e9 par le\u00a0Docteur David Assor,\u00a0Docteur en Chirurgie dentaire. [\/vc_column_text][dentalcare_team_listing number=&#8221;8&#8243; column=&#8221;4&#8243;][\/vc_column][\/vc_row]\" \/>\n<meta property=\"og:url\" content=\"https:\/\/david-assor.fr\/?page_id=201\" \/>\n<meta property=\"og:site_name\" content=\"Dentiste Cergy Le Haut\" \/>\n<meta property=\"article:modified_time\" content=\"2017-12-20T14:39:12+00:00\" \/>\n<meta name=\"twitter:card\" content=\"summary_large_image\" \/>\n<script type=\"application\/ld+json\" class=\"yoast-schema-graph\">{\"@context\":\"https:\\\/\\\/schema.org\",\"@graph\":[{\"@type\":\"WebPage\",\"@id\":\"https:\\\/\\\/david-assor.fr\\\/?page_id=201\",\"url\":\"https:\\\/\\\/david-assor.fr\\\/?page_id=201\",\"name\":\"Cabinet dentaire & d'implantologie \u00e0 Cergy le haut\",\"isPartOf\":{\"@id\":\"https:\\\/\\\/david-assor.fr\\\/#website\"},\"datePublished\":\"2017-03-01T08:18:27+00:00\",\"dateModified\":\"2017-12-20T14:39:12+00:00\",\"breadcrumb\":{\"@id\":\"https:\\\/\\\/david-assor.fr\\\/?page_id=201#breadcrumb\"},\"inLanguage\":\"fr-FR\",\"potentialAction\":[{\"@type\":\"ReadAction\",\"target\":[\"https:\\\/\\\/david-assor.fr\\\/?page_id=201\"]}]},{\"@type\":\"BreadcrumbList\",\"@id\":\"https:\\\/\\\/david-assor.fr\\\/?page_id=201#breadcrumb\",\"itemListElement\":[{\"@type\":\"ListItem\",\"position\":1,\"name\":\"Accueil\",\"item\":\"https:\\\/\\\/david-assor.fr\\\/\"},{\"@type\":\"ListItem\",\"position\":2,\"name\":\"L&rsquo;\u00e9quipe\"}]},{\"@type\":\"WebSite\",\"@id\":\"https:\\\/\\\/david-assor.fr\\\/#website\",\"url\":\"https:\\\/\\\/david-assor.fr\\\/\",\"name\":\"Dentiste Cergy Le Haut\",\"description\":\"\",\"publisher\":{\"@id\":\"https:\\\/\\\/david-assor.fr\\\/#organization\"},\"potentialAction\":[{\"@type\":\"SearchAction\",\"target\":{\"@type\":\"EntryPoint\",\"urlTemplate\":\"https:\\\/\\\/david-assor.fr\\\/?s={search_term_string}\"},\"query-input\":{\"@type\":\"PropertyValueSpecification\",\"valueRequired\":true,\"valueName\":\"search_term_string\"}}],\"inLanguage\":\"fr-FR\"},{\"@type\":\"Organization\",\"@id\":\"https:\\\/\\\/david-assor.fr\\\/#organization\",\"name\":\"DENTISTE CERGY LE HAUT\",\"url\":\"https:\\\/\\\/david-assor.fr\\\/\",\"logo\":{\"@type\":\"ImageObject\",\"inLanguage\":\"fr-FR\",\"@id\":\"https:\\\/\\\/david-assor.fr\\\/#\\\/schema\\\/logo\\\/image\\\/\",\"url\":\"https:\\\/\\\/david-assor.fr\\\/wp-content\\\/uploads\\\/2017\\\/02\\\/dentiste-cergy.png\",\"contentUrl\":\"https:\\\/\\\/david-assor.fr\\\/wp-content\\\/uploads\\\/2017\\\/02\\\/dentiste-cergy.png\",\"width\":248,\"height\":98,\"caption\":\"DENTISTE CERGY LE HAUT\"},\"image\":{\"@id\":\"https:\\\/\\\/david-assor.fr\\\/#\\\/schema\\\/logo\\\/image\\\/\"}}]}<\/script>\n<!-- \/ Yoast SEO plugin. -->","yoast_head_json":{"title":"Cabinet dentaire & d'implantologie \u00e0 Cergy le haut","robots":{"index":"index","follow":"follow","max-snippet":"max-snippet:-1","max-image-preview":"max-image-preview:large","max-video-preview":"max-video-preview:-1"},"canonical":"https:\/\/david-assor.fr\/?page_id=201","og_locale":"fr_FR","og_type":"article","og_title":"Cabinet dentaire & d'implantologie \u00e0 Cergy le haut","og_description":"[vc_row el_class=&#8221;tt-block&#8221;][vc_column][dentalcare_custom_heading heading=&#8221;L&#8217;\u00e9quipe du Docteur&#8221; heading_two=&#8221;Assor&#8221;][vc_column_text css=&#8221;.vc_custom_1513188811112{margin-bottom: 0px !important;}&#8221;] Le Cabinet dentaire a \u00e9t\u00e9 cr\u00e9\u00e9 et est dirig\u00e9 par le\u00a0Docteur David Assor,\u00a0Docteur en Chirurgie dentaire. [\/vc_column_text][dentalcare_team_listing number=&#8221;8&#8243; column=&#8221;4&#8243;][\/vc_column][\/vc_row]","og_url":"https:\/\/david-assor.fr\/?page_id=201","og_site_name":"Dentiste Cergy Le Haut","article_modified_time":"2017-12-20T14:39:12+00:00","twitter_card":"summary_large_image","schema":{"@context":"https:\/\/schema.org","@graph":[{"@type":"WebPage","@id":"https:\/\/david-assor.fr\/?page_id=201","url":"https:\/\/david-assor.fr\/?page_id=201","name":"Cabinet dentaire & d'implantologie \u00e0 Cergy le haut","isPartOf":{"@id":"https:\/\/david-assor.fr\/#website"},"datePublished":"2017-03-01T08:18:27+00:00","dateModified":"2017-12-20T14:39:12+00:00","breadcrumb":{"@id":"https:\/\/david-assor.fr\/?page_id=201#breadcrumb"},"inLanguage":"fr-FR","potentialAction":[{"@type":"ReadAction","target":["https:\/\/david-assor.fr\/?page_id=201"]}]},{"@type":"BreadcrumbList","@id":"https:\/\/david-assor.fr\/?page_id=201#breadcrumb","itemListElement":[{"@type":"ListItem","position":1,"name":"Accueil","item":"https:\/\/david-assor.fr\/"},{"@type":"ListItem","position":2,"name":"L&rsquo;\u00e9quipe"}]},{"@type":"WebSite","@id":"https:\/\/david-assor.fr\/#website","url":"https:\/\/david-assor.fr\/","name":"Dentiste Cergy Le Haut","description":"","publisher":{"@id":"https:\/\/david-assor.fr\/#organization"},"potentialAction":[{"@type":"SearchAction","target":{"@type":"EntryPoint","urlTemplate":"https:\/\/david-assor.fr\/?s={search_term_string}"},"query-input":{"@type":"PropertyValueSpecification","valueRequired":true,"valueName":"search_term_string"}}],"inLanguage":"fr-FR"},{"@type":"Organization","@id":"https:\/\/david-assor.fr\/#organization","name":"DENTISTE CERGY LE HAUT","url":"https:\/\/david-assor.fr\/","logo":{"@type":"ImageObject","inLanguage":"fr-FR","@id":"https:\/\/david-assor.fr\/#\/schema\/logo\/image\/","url":"https:\/\/david-assor.fr\/wp-content\/uploads\/2017\/02\/dentiste-cergy.png","contentUrl":"https:\/\/david-assor.fr\/wp-content\/uploads\/2017\/02\/dentiste-cergy.png","width":248,"height":98,"caption":"DENTISTE CERGY LE HAUT"},"image":{"@id":"https:\/\/david-assor.fr\/#\/schema\/logo\/image\/"}}]}},"_links":{"self":[{"href":"https:\/\/david-assor.fr\/index.php?rest_route=\/wp\/v2\/pages\/201","targetHints":{"allow":["GET"]}}],"collection":[{"href":"https:\/\/david-assor.fr\/index.php?rest_route=\/wp\/v2\/pages"}],"about":[{"href":"https:\/\/david-assor.fr\/index.php?rest_route=\/wp\/v2\/types\/page"}],"author":[{"embeddable":true,"href":"https:\/\/david-assor.fr\/index.php?rest_route=\/wp\/v2\/users\/1"}],"replies":[{"embeddable":true,"href":"https:\/\/david-assor.fr\/index.php?rest_route=%2Fwp%2Fv2%2Fcomments&post=201"}],"version-history":[{"count":7,"href":"https:\/\/david-assor.fr\/index.php?rest_route=\/wp\/v2\/pages\/201\/revisions"}],"predecessor-version":[{"id":1018,"href":"https:\/\/david-assor.fr\/index.php?rest_route=\/wp\/v2\/pages\/201\/revisions\/1018"}],"wp:attachment":[{"href":"https:\/\/david-assor.fr\/index.php?rest_route=%2Fwp%2Fv2%2Fmedia&parent=201"}],"curies":[{"name":"wp","href":"https:\/\/api.w.org\/{rel}","templated":true}]}}