{"id":1563,"date":"2018-01-14T20:50:31","date_gmt":"2018-01-14T19:50:31","guid":{"rendered":"https:\/\/david-assor.fr\/?page_id=1563"},"modified":"2018-01-14T20:50:31","modified_gmt":"2018-01-14T19:50:31","slug":"tarifs","status":"publish","type":"page","link":"https:\/\/david-assor.fr\/?page_id=1563","title":{"rendered":"Tarifs"},"content":{"rendered":"<h1 class=\"grey-text\"><a href=\"http:\/\/annuairesante.ameli.fr\/professionnels-de-sante\/recherche-1\/fiche-detaillee-CbcwlTIxODu2-0ee63af2c66dcb405348539b3d5a94c4.html\">S\u00e9curit\u00e9 sociale et tarifs conventionn\u00e9s<\/a><\/h1>\n<p>Le cabinet dentaire \u00e0 Cergy est conventionn\u00e9s, cela signifie\u00a0 que nous appliquons pour\u00a0<b>les soins courants<\/b>, la grille\u00a0\u00a0tarifaire fix\u00e9e par la s\u00e9curit\u00e9 sociale.<br \/>\nPour les actes non codifi\u00e9s ou non conventionn\u00e9s, n\u00e9cessitant\u00a0 l&#8217;utilisation de mat\u00e9riel ou de techniques sp\u00e9cifiques, le patient sera\u00a0informer au\u00a0<em>pr\u00e9alable<\/em>\u00a0au moyen d&#8217;un\u00a0<em>devis.<\/em><\/p>\n<p>&nbsp;<\/p>\n<table>\n<caption><strong>Tarifs et remboursements des soins dentaires<\/strong><\/caption>\n<tbody>\n<tr>\n<th scope=\"row\"><strong>Soin dentaire<\/strong><\/th>\n<th scope=\"col\"><strong>Tarif conventionnel<\/strong><\/th>\n<th scope=\"col\"><strong>Taux de remboursement<\/strong><\/th>\n<th scope=\"col\"><strong>Montant rembours\u00e9*<\/strong><\/th>\n<\/tr>\n<tr>\n<td>D\u00e9tartrage<\/td>\n<td>28,92 \u20ac<\/td>\n<td>70 %<\/td>\n<td>20,24 \u20ac<\/td>\n<\/tr>\n<tr>\n<td>Traitement d&#8217;une carie une face<\/td>\n<td>16,87 \u20ac<\/td>\n<td>70 %<\/td>\n<td>11,80 \u20ac<\/td>\n<\/tr>\n<tr>\n<td>Traitement d&#8217;une carie deux faces<\/td>\n<td>28,92 \u20ac<\/td>\n<td>70 %<\/td>\n<td>20,24 \u20ac<\/td>\n<\/tr>\n<tr>\n<td>Traitement d&#8217;une carie trois faces et plus<\/td>\n<td>40,97 \u20ac<\/td>\n<td>70 %<\/td>\n<td>28,67 \u20ac<\/td>\n<\/tr>\n<tr>\n<td>D\u00e9vitalisation d&#8217;une incisive ou d&#8217;une canine<\/td>\n<td>33,74 \u20ac<\/td>\n<td>70 %<\/td>\n<td>23,61 \u20ac<\/td>\n<\/tr>\n<tr>\n<td>D\u00e9vitalisation d&#8217;une pr\u00e9molaire<\/td>\n<td>48,20 \u20ac<\/td>\n<td>70 %<\/td>\n<td>33,74 \u20ac<\/td>\n<\/tr>\n<tr>\n<td>D\u00e9vitalisation d&#8217;une molaire<\/td>\n<td>81,94 \u20ac<\/td>\n<td>70 %<\/td>\n<td>57,35 \u20ac<\/td>\n<\/tr>\n<tr>\n<td>Extraction d&#8217;une dent de lait<\/td>\n<td>16,72 \u20ac<\/td>\n<td>70 %<\/td>\n<td>11,70 \u20ac<\/td>\n<\/tr>\n<tr>\n<td>Extraction d&#8217;une dent permanente<\/td>\n<td>33,44 \u20ac<\/td>\n<td>70 %<\/td>\n<td>23,40 \u20ac<\/td>\n<\/tr>\n<\/tbody>\n<\/table>\n<p>Des d\u00e9passements d&#8217;honoraires sont possibles dans certains cas.<\/p>\n<p>Les prix sont libres pour:<\/p>\n<ul>\n<li>Le blanchiment des dents<\/li>\n<li>La pose de facettes<\/li>\n<li>Les implants dentaires..<\/li>\n<\/ul>\n<p>Plus de renseignement sur\u00a0<a href=\"https:\/\/www.ameli.fr\/val-d-oise\/assure\/remboursements\/rembourse\/soins-protheses-dentaires\/soins-protheses-dentaires#text_2352\"><img loading=\"lazy\" decoding=\"async\" class=\"alignnone\" src=\"https:\/\/www.ameli.fr\/sites\/all\/themes\/contrib\/ameli\/logo.png\" alt=\"ameli.fr \" width=\"207\" height=\"66\" \/><\/a><\/p>\n","protected":false},"excerpt":{"rendered":"<p>S\u00e9curit\u00e9 sociale et tarifs conventionn\u00e9s Le cabinet dentaire \u00e0 Cergy est conventionn\u00e9s, cela signifie\u00a0 que nous appliquons pour\u00a0les soins courants, la grille\u00a0\u00a0tarifaire fix\u00e9e par la s\u00e9curit\u00e9 sociale. Pour les actes non codifi\u00e9s ou non conventionn\u00e9s, n\u00e9cessitant\u00a0 l&#8217;utilisation de mat\u00e9riel ou de techniques sp\u00e9cifiques, le patient sera\u00a0informer au\u00a0pr\u00e9alable\u00a0au moyen d&#8217;un\u00a0devis. &nbsp; Tarifs et remboursements des soins<\/p>\n","protected":false},"author":1,"featured_media":0,"parent":0,"menu_order":0,"comment_status":"closed","ping_status":"closed","template":"","meta":{"footnotes":""},"class_list":["post-1563","page","type-page","status-publish","hentry"],"yoast_head":"<!-- This site is optimized with the Yoast SEO plugin v27.4 - https:\/\/yoast.com\/product\/yoast-seo-wordpress\/ -->\n<title>Tarifs - Dentiste Cergy Le Haut<\/title>\n<meta name=\"robots\" content=\"index, follow, max-snippet:-1, max-image-preview:large, max-video-preview:-1\" \/>\n<link rel=\"canonical\" href=\"https:\/\/david-assor.fr\/?page_id=1563\" \/>\n<meta property=\"og:locale\" content=\"fr_FR\" \/>\n<meta property=\"og:type\" content=\"article\" \/>\n<meta property=\"og:title\" content=\"Tarifs - Dentiste Cergy Le Haut\" \/>\n<meta property=\"og:description\" content=\"S\u00e9curit\u00e9 sociale et tarifs conventionn\u00e9s Le cabinet dentaire \u00e0 Cergy est conventionn\u00e9s, cela signifie\u00a0 que nous appliquons pour\u00a0les soins courants, la grille\u00a0\u00a0tarifaire fix\u00e9e par la s\u00e9curit\u00e9 sociale. Pour les actes non codifi\u00e9s ou non conventionn\u00e9s, n\u00e9cessitant\u00a0 l&#8217;utilisation de mat\u00e9riel ou de techniques sp\u00e9cifiques, le patient sera\u00a0informer au\u00a0pr\u00e9alable\u00a0au moyen d&#8217;un\u00a0devis. &nbsp; Tarifs et remboursements des soins\" \/>\n<meta property=\"og:url\" content=\"https:\/\/david-assor.fr\/?page_id=1563\" \/>\n<meta property=\"og:site_name\" content=\"Dentiste Cergy Le Haut\" \/>\n<meta property=\"og:image\" content=\"https:\/\/www.ameli.fr\/sites\/all\/themes\/contrib\/ameli\/logo.png\" \/>\n<meta name=\"twitter:card\" content=\"summary_large_image\" \/>\n<meta name=\"twitter:label1\" content=\"Dur\u00e9e de lecture estim\u00e9e\" \/>\n\t<meta name=\"twitter:data1\" content=\"1 minute\" \/>\n<script type=\"application\/ld+json\" class=\"yoast-schema-graph\">{\"@context\":\"https:\\\/\\\/schema.org\",\"@graph\":[{\"@type\":\"WebPage\",\"@id\":\"https:\\\/\\\/david-assor.fr\\\/?page_id=1563\",\"url\":\"https:\\\/\\\/david-assor.fr\\\/?page_id=1563\",\"name\":\"Tarifs - Dentiste Cergy Le Haut\",\"isPartOf\":{\"@id\":\"https:\\\/\\\/david-assor.fr\\\/#website\"},\"primaryImageOfPage\":{\"@id\":\"https:\\\/\\\/david-assor.fr\\\/?page_id=1563#primaryimage\"},\"image\":{\"@id\":\"https:\\\/\\\/david-assor.fr\\\/?page_id=1563#primaryimage\"},\"thumbnailUrl\":\"https:\\\/\\\/www.ameli.fr\\\/sites\\\/all\\\/themes\\\/contrib\\\/ameli\\\/logo.png\",\"datePublished\":\"2018-01-14T19:50:31+00:00\",\"breadcrumb\":{\"@id\":\"https:\\\/\\\/david-assor.fr\\\/?page_id=1563#breadcrumb\"},\"inLanguage\":\"fr-FR\",\"potentialAction\":[{\"@type\":\"ReadAction\",\"target\":[\"https:\\\/\\\/david-assor.fr\\\/?page_id=1563\"]}]},{\"@type\":\"ImageObject\",\"inLanguage\":\"fr-FR\",\"@id\":\"https:\\\/\\\/david-assor.fr\\\/?page_id=1563#primaryimage\",\"url\":\"https:\\\/\\\/www.ameli.fr\\\/sites\\\/all\\\/themes\\\/contrib\\\/ameli\\\/logo.png\",\"contentUrl\":\"https:\\\/\\\/www.ameli.fr\\\/sites\\\/all\\\/themes\\\/contrib\\\/ameli\\\/logo.png\"},{\"@type\":\"BreadcrumbList\",\"@id\":\"https:\\\/\\\/david-assor.fr\\\/?page_id=1563#breadcrumb\",\"itemListElement\":[{\"@type\":\"ListItem\",\"position\":1,\"name\":\"Accueil\",\"item\":\"https:\\\/\\\/david-assor.fr\\\/\"},{\"@type\":\"ListItem\",\"position\":2,\"name\":\"Tarifs\"}]},{\"@type\":\"WebSite\",\"@id\":\"https:\\\/\\\/david-assor.fr\\\/#website\",\"url\":\"https:\\\/\\\/david-assor.fr\\\/\",\"name\":\"Dentiste Cergy Le Haut\",\"description\":\"\",\"publisher\":{\"@id\":\"https:\\\/\\\/david-assor.fr\\\/#organization\"},\"potentialAction\":[{\"@type\":\"SearchAction\",\"target\":{\"@type\":\"EntryPoint\",\"urlTemplate\":\"https:\\\/\\\/david-assor.fr\\\/?s={search_term_string}\"},\"query-input\":{\"@type\":\"PropertyValueSpecification\",\"valueRequired\":true,\"valueName\":\"search_term_string\"}}],\"inLanguage\":\"fr-FR\"},{\"@type\":\"Organization\",\"@id\":\"https:\\\/\\\/david-assor.fr\\\/#organization\",\"name\":\"DENTISTE CERGY LE HAUT\",\"url\":\"https:\\\/\\\/david-assor.fr\\\/\",\"logo\":{\"@type\":\"ImageObject\",\"inLanguage\":\"fr-FR\",\"@id\":\"https:\\\/\\\/david-assor.fr\\\/#\\\/schema\\\/logo\\\/image\\\/\",\"url\":\"https:\\\/\\\/david-assor.fr\\\/wp-content\\\/uploads\\\/2017\\\/02\\\/dentiste-cergy.png\",\"contentUrl\":\"https:\\\/\\\/david-assor.fr\\\/wp-content\\\/uploads\\\/2017\\\/02\\\/dentiste-cergy.png\",\"width\":248,\"height\":98,\"caption\":\"DENTISTE CERGY LE HAUT\"},\"image\":{\"@id\":\"https:\\\/\\\/david-assor.fr\\\/#\\\/schema\\\/logo\\\/image\\\/\"}}]}<\/script>\n<!-- \/ Yoast SEO plugin. -->","yoast_head_json":{"title":"Tarifs - Dentiste Cergy Le Haut","robots":{"index":"index","follow":"follow","max-snippet":"max-snippet:-1","max-image-preview":"max-image-preview:large","max-video-preview":"max-video-preview:-1"},"canonical":"https:\/\/david-assor.fr\/?page_id=1563","og_locale":"fr_FR","og_type":"article","og_title":"Tarifs - Dentiste Cergy Le Haut","og_description":"S\u00e9curit\u00e9 sociale et tarifs conventionn\u00e9s Le cabinet dentaire \u00e0 Cergy est conventionn\u00e9s, cela signifie\u00a0 que nous appliquons pour\u00a0les soins courants, la grille\u00a0\u00a0tarifaire fix\u00e9e par la s\u00e9curit\u00e9 sociale. Pour les actes non codifi\u00e9s ou non conventionn\u00e9s, n\u00e9cessitant\u00a0 l&#8217;utilisation de mat\u00e9riel ou de techniques sp\u00e9cifiques, le patient sera\u00a0informer au\u00a0pr\u00e9alable\u00a0au moyen d&#8217;un\u00a0devis. &nbsp; Tarifs et remboursements des soins","og_url":"https:\/\/david-assor.fr\/?page_id=1563","og_site_name":"Dentiste Cergy Le Haut","og_image":[{"url":"https:\/\/www.ameli.fr\/sites\/all\/themes\/contrib\/ameli\/logo.png","type":"","width":"","height":""}],"twitter_card":"summary_large_image","twitter_misc":{"Dur\u00e9e de lecture estim\u00e9e":"1 minute"},"schema":{"@context":"https:\/\/schema.org","@graph":[{"@type":"WebPage","@id":"https:\/\/david-assor.fr\/?page_id=1563","url":"https:\/\/david-assor.fr\/?page_id=1563","name":"Tarifs - Dentiste Cergy Le Haut","isPartOf":{"@id":"https:\/\/david-assor.fr\/#website"},"primaryImageOfPage":{"@id":"https:\/\/david-assor.fr\/?page_id=1563#primaryimage"},"image":{"@id":"https:\/\/david-assor.fr\/?page_id=1563#primaryimage"},"thumbnailUrl":"https:\/\/www.ameli.fr\/sites\/all\/themes\/contrib\/ameli\/logo.png","datePublished":"2018-01-14T19:50:31+00:00","breadcrumb":{"@id":"https:\/\/david-assor.fr\/?page_id=1563#breadcrumb"},"inLanguage":"fr-FR","potentialAction":[{"@type":"ReadAction","target":["https:\/\/david-assor.fr\/?page_id=1563"]}]},{"@type":"ImageObject","inLanguage":"fr-FR","@id":"https:\/\/david-assor.fr\/?page_id=1563#primaryimage","url":"https:\/\/www.ameli.fr\/sites\/all\/themes\/contrib\/ameli\/logo.png","contentUrl":"https:\/\/www.ameli.fr\/sites\/all\/themes\/contrib\/ameli\/logo.png"},{"@type":"BreadcrumbList","@id":"https:\/\/david-assor.fr\/?page_id=1563#breadcrumb","itemListElement":[{"@type":"ListItem","position":1,"name":"Accueil","item":"https:\/\/david-assor.fr\/"},{"@type":"ListItem","position":2,"name":"Tarifs"}]},{"@type":"WebSite","@id":"https:\/\/david-assor.fr\/#website","url":"https:\/\/david-assor.fr\/","name":"Dentiste Cergy Le Haut","description":"","publisher":{"@id":"https:\/\/david-assor.fr\/#organization"},"potentialAction":[{"@type":"SearchAction","target":{"@type":"EntryPoint","urlTemplate":"https:\/\/david-assor.fr\/?s={search_term_string}"},"query-input":{"@type":"PropertyValueSpecification","valueRequired":true,"valueName":"search_term_string"}}],"inLanguage":"fr-FR"},{"@type":"Organization","@id":"https:\/\/david-assor.fr\/#organization","name":"DENTISTE CERGY LE HAUT","url":"https:\/\/david-assor.fr\/","logo":{"@type":"ImageObject","inLanguage":"fr-FR","@id":"https:\/\/david-assor.fr\/#\/schema\/logo\/image\/","url":"https:\/\/david-assor.fr\/wp-content\/uploads\/2017\/02\/dentiste-cergy.png","contentUrl":"https:\/\/david-assor.fr\/wp-content\/uploads\/2017\/02\/dentiste-cergy.png","width":248,"height":98,"caption":"DENTISTE CERGY LE HAUT"},"image":{"@id":"https:\/\/david-assor.fr\/#\/schema\/logo\/image\/"}}]}},"_links":{"self":[{"href":"https:\/\/david-assor.fr\/index.php?rest_route=\/wp\/v2\/pages\/1563","targetHints":{"allow":["GET"]}}],"collection":[{"href":"https:\/\/david-assor.fr\/index.php?rest_route=\/wp\/v2\/pages"}],"about":[{"href":"https:\/\/david-assor.fr\/index.php?rest_route=\/wp\/v2\/types\/page"}],"author":[{"embeddable":true,"href":"https:\/\/david-assor.fr\/index.php?rest_route=\/wp\/v2\/users\/1"}],"replies":[{"embeddable":true,"href":"https:\/\/david-assor.fr\/index.php?rest_route=%2Fwp%2Fv2%2Fcomments&post=1563"}],"version-history":[{"count":1,"href":"https:\/\/david-assor.fr\/index.php?rest_route=\/wp\/v2\/pages\/1563\/revisions"}],"predecessor-version":[{"id":1564,"href":"https:\/\/david-assor.fr\/index.php?rest_route=\/wp\/v2\/pages\/1563\/revisions\/1564"}],"wp:attachment":[{"href":"https:\/\/david-assor.fr\/index.php?rest_route=%2Fwp%2Fv2%2Fmedia&parent=1563"}],"curies":[{"name":"wp","href":"https:\/\/api.w.org\/{rel}","templated":true}]}}